{"id":8563,"date":"2019-05-13T08:24:44","date_gmt":"2019-05-13T08:24:44","guid":{"rendered":"https:\/\/artos.dk\/bogigen\/?page_id=8563"},"modified":"2023-04-05T09:25:23","modified_gmt":"2023-04-05T09:25:23","slug":"privatlivspolitik","status":"publish","type":"page","link":"https:\/\/gavermedmening.dk\/?page_id=8563","title":{"rendered":"Privatlivspolitik"},"content":{"rendered":"[et_pb_section fb_built=&#8221;1&#8243; admin_label=&#8221;section&#8221; _builder_version=&#8221;4.16&#8243; global_colors_info=&#8221;{}&#8221;][et_pb_row admin_label=&#8221;row&#8221; _builder_version=&#8221;4.16&#8243; background_size=&#8221;initial&#8221; background_position=&#8221;top_left&#8221; background_repeat=&#8221;repeat&#8221; global_colors_info=&#8221;{}&#8221;][et_pb_column type=&#8221;4_4&#8243; _builder_version=&#8221;4.16&#8243; custom_padding=&#8221;|||&#8221; global_colors_info=&#8221;{}&#8221; custom_padding__hover=&#8221;|||&#8221;][et_pb_text admin_label=&#8221;Text&#8221; _builder_version=&#8221;4.20.1&#8243; background_size=&#8221;initial&#8221; background_position=&#8221;top_left&#8221; background_repeat=&#8221;repeat&#8221; hover_enabled=&#8221;0&#8243; global_colors_info=&#8221;{}&#8221; sticky_enabled=&#8221;0&#8243;]<p>Gaver Med Mening overlader ikke k\u00f8bers informationer til tredie part. Cookies bruges p\u00e5 denne side til at holde styr p\u00e5 indholdet i indk\u00f8bsvognen, n\u00e5r der er valgt varer, samt til at gemme leveringsadresser, hvis adressebogen er benyttet, og til at gemme detaljer, hvis du har valgt \u201dHusk mig\u201d funktionen.<\/p>\n<p><\/p>\n<p>Gaver Med Mening opbevarer derfor navn, adresse, mail og telefonnummer. Du kan til enhver tid bede om at blive slettet som kunde ved at kontakte os. Vores system indeholder ogs\u00e5 informationer om fra hvilken enhed du har bestilt (IP-adresse) og dine betalingsinformationer. Derudover har hjemmesiden tilkoblet Google analytics og Facebook Pixel i reklame- og markedsf\u00f8rings\u00f8jemed. Du kan altid g\u00e5 til &#8220;Min konto&#8221; og hvilke informationer du har givet os og hvilke ordrer du har foretaget.<\/p>\n<p><!-- \/wp:post-content --><\/p>[\/et_pb_text][\/et_pb_column][\/et_pb_row][\/et_pb_section]<!-- \/wp:freeform -->","protected":false},"excerpt":{"rendered":"<p>Gaver Med Mening overlader ikke k\u00f8bers informationer til tredie part. Cookies bruges p\u00e5 denne side til at holde styr p\u00e5 indholdet i indk\u00f8bsvognen, n\u00e5r der er valgt varer, samt til at gemme leveringsadresser, hvis adressebogen er benyttet, og til at gemme detaljer, hvis du har valgt \u201dHusk mig\u201d funktionen. Gaver Med Mening opbevarer derfor navn, [&hellip;]<\/p>\n","protected":false},"author":1,"featured_media":0,"parent":0,"menu_order":0,"comment_status":"closed","ping_status":"closed","template":"","meta":{"_acf_changed":false,"_et_pb_use_builder":"on","_et_pb_old_content":"<!-- wp:paragraph -->\n<p>Bog igen overlader ikke k\u00f8bers informationer til tredie part. Cookies bruges p\u00e5 denne side til at holde styr p\u00e5 indholdet i indk\u00f8bsvognen, n\u00e5r der er valgt varer, samt til at gemme leveringsadresser, hvis adressebogen er benyttet, og til at gemme detaljer, hvis du har valgt \u201dHusk mig\u201d funktionen.<\/p>\n<!-- \/wp:paragraph -->\n\n<!-- wp:paragraph -->\n<p>Bog igen opbevarer derfor navn, adresse, mail og telefonnummer. Du kan til enhver tid bede om at blive slettet som kunde ved at kontakte os. Vores system indeholder ogs\u00e5 informationer om fra hvilken enhed du har bestilt (IP-adresse) og dine betalingsinformationer. Derudover har hjemmesiden tilkoblet Google analytics og Facebook Pixel i reklame- og markedsf\u00f8rings\u00f8jemed. Du kan altid g\u00e5 til \"Min konto\" og hvilke informationer du har givet os og hvilke ordrer du har foretaget.<\/p>\n<!-- \/wp:paragraph -->","_et_gb_content_width":"","footnotes":""},"class_list":["post-8563","page","type-page","status-publish","hentry"],"acf":[],"_links":{"self":[{"href":"https:\/\/gavermedmening.dk\/index.php?rest_route=\/wp\/v2\/pages\/8563","targetHints":{"allow":["GET"]}}],"collection":[{"href":"https:\/\/gavermedmening.dk\/index.php?rest_route=\/wp\/v2\/pages"}],"about":[{"href":"https:\/\/gavermedmening.dk\/index.php?rest_route=\/wp\/v2\/types\/page"}],"author":[{"embeddable":true,"href":"https:\/\/gavermedmening.dk\/index.php?rest_route=\/wp\/v2\/users\/1"}],"replies":[{"embeddable":true,"href":"https:\/\/gavermedmening.dk\/index.php?rest_route=%2Fwp%2Fv2%2Fcomments&post=8563"}],"version-history":[{"count":0,"href":"https:\/\/gavermedmening.dk\/index.php?rest_route=\/wp\/v2\/pages\/8563\/revisions"}],"wp:attachment":[{"href":"https:\/\/gavermedmening.dk\/index.php?rest_route=%2Fwp%2Fv2%2Fmedia&parent=8563"}],"curies":[{"name":"wp","href":"https:\/\/api.w.org\/{rel}","templated":true}]}}