{"id":38414,"date":"2023-02-13T17:42:31","date_gmt":"2023-02-13T17:42:31","guid":{"rendered":"https:\/\/artos.dk\/gmm\/?post_type=product&#038;p=38414"},"modified":"2023-03-29T12:19:02","modified_gmt":"2023-03-29T12:19:02","slug":"jesus-loves-me-boerne-t-shirt-unisex","status":"publish","type":"product","link":"https:\/\/gavermedmening.dk\/?product=jesus-loves-me-boerne-t-shirt-unisex","title":{"rendered":"Jesus loves me &#8211; b\u00f8rne-t-shirt (unisex)"},"content":{"rendered":"<p>H\u00e5ndlavet t-shirt i bomuld og polyester<\/p>\n<p>Farver: Sky Blue, Red, Yellow, Royal Blue, Light Pink, Navy Blue, and White.<\/p>\n<p>St\u00f8rrelser:1-2 \u00e5r,\u00a0 2-3 \u00e5r, 3-4 \u00e5r<\/p>\n<p>Designet og printet i England<\/p>\n","protected":false},"excerpt":{"rendered":"<p>H\u00e5ndlavet t-shirt i bomuld og polyester Farver: Sky Blue, Red, Yellow, Royal Blue, Light Pink, Navy Blue, and White. St\u00f8rrelser:1-2 \u00e5r,\u00a0 2-3 \u00e5r, 3-4 \u00e5r Designet og printet i England<\/p>\n","protected":false},"featured_media":38444,"comment_status":"closed","ping_status":"closed","template":"","meta":{"_acf_changed":false,"_et_pb_use_builder":"","_et_pb_old_content":"","_et_gb_content_width":""},"product_brand":[],"product_cat":[6157],"product_tag":[6190],"class_list":{"0":"post-38414","1":"product","2":"type-product","3":"status-publish","4":"has-post-thumbnail","6":"product_cat-t-shirts-boern","7":"product_tag-t-shirts","8":"pa_farve-light-pink","9":"pa_farve-navy-blue","10":"pa_farve-red","11":"pa_farve-royal-blue","12":"pa_farve-sky-blue","13":"pa_farve-white","14":"pa_farve-yellow","15":"pa_stoerrrelse-1-2-aar","16":"pa_stoerrrelse-2-3-aar","17":"pa_stoerrrelse-3-4-aar","19":"first","20":"instock","21":"taxable","22":"shipping-taxable","23":"purchasable","24":"product-type-variable"},"acf":[],"_links":{"self":[{"href":"https:\/\/gavermedmening.dk\/index.php?rest_route=\/wp\/v2\/product\/38414","targetHints":{"allow":["GET"]}}],"collection":[{"href":"https:\/\/gavermedmening.dk\/index.php?rest_route=\/wp\/v2\/product"}],"about":[{"href":"https:\/\/gavermedmening.dk\/index.php?rest_route=\/wp\/v2\/types\/product"}],"replies":[{"embeddable":true,"href":"https:\/\/gavermedmening.dk\/index.php?rest_route=%2Fwp%2Fv2%2Fcomments&post=38414"}],"wp:featuredmedia":[{"embeddable":true,"href":"https:\/\/gavermedmening.dk\/index.php?rest_route=\/wp\/v2\/media\/38444"}],"wp:attachment":[{"href":"https:\/\/gavermedmening.dk\/index.php?rest_route=%2Fwp%2Fv2%2Fmedia&parent=38414"}],"wp:term":[{"taxonomy":"product_brand","embeddable":true,"href":"https:\/\/gavermedmening.dk\/index.php?rest_route=%2Fwp%2Fv2%2Fproduct_brand&post=38414"},{"taxonomy":"product_cat","embeddable":true,"href":"https:\/\/gavermedmening.dk\/index.php?rest_route=%2Fwp%2Fv2%2Fproduct_cat&post=38414"},{"taxonomy":"product_tag","embeddable":true,"href":"https:\/\/gavermedmening.dk\/index.php?rest_route=%2Fwp%2Fv2%2Fproduct_tag&post=38414"}],"curies":[{"name":"wp","href":"https:\/\/api.w.org\/{rel}","templated":true}]}}