{"id":38577,"date":"2023-02-17T13:23:17","date_gmt":"2023-02-17T13:23:17","guid":{"rendered":"https:\/\/artos.dk\/gmm\/?post_type=product&#038;p=38577"},"modified":"2024-12-17T15:52:42","modified_gmt":"2024-12-17T15:52:42","slug":"jesus-loves-me-boerne-sweatshirt-unisex","status":"publish","type":"product","link":"https:\/\/gavermedmening.dk\/?product=jesus-loves-me-boerne-sweatshirt-unisex","title":{"rendered":"Jesus loves me &#8211; b\u00f8rne-sweatshirt (unisex)"},"content":{"rendered":"<p>H\u00e5ndlavet sweatshirt i bomuld og polyester<\/p>\n<p>Farver: Sky Blue, Red, Yellow, Royal Blue, Light Pink, Navy Blue, and White.<\/p>\n<p>St\u00f8rrelser:1-2 \u00e5r (51-56 cm brystvidde), 3-4 \u00e5r (56-64 cm brystvidde)<\/p>\n<p>Designet og printet i England<\/p>\n","protected":false},"excerpt":{"rendered":"<p>H\u00e5ndlavet sweatshirt i bomuld og polyester Farver: Sky Blue, Red, Yellow, Royal Blue, Light Pink, Navy Blue, and White. St\u00f8rrelser:1-2 \u00e5r (51-56 cm brystvidde), 3-4 \u00e5r (56-64 cm brystvidde) Designet og printet i England<\/p>\n","protected":false},"featured_media":38600,"comment_status":"closed","ping_status":"closed","template":"","meta":{"_acf_changed":false,"_et_pb_use_builder":"","_et_pb_old_content":"","_et_gb_content_width":""},"product_brand":[],"product_cat":[6186],"product_tag":[6192],"class_list":{"0":"post-38577","1":"product","2":"type-product","3":"status-publish","4":"has-post-thumbnail","6":"product_cat-sweatshirts-boern","7":"product_tag-sweatshirt","8":"pa_farve-bottle-green","9":"pa_farve-burgundy","10":"pa_farve-light-grey","11":"pa_farve-red","12":"pa_farve-sky-blue","13":"pa_stoerrrelse-1-2-aar","14":"pa_stoerrrelse-3-4-aar","16":"first","17":"instock","18":"taxable","19":"shipping-taxable","20":"purchasable","21":"product-type-variable"},"acf":[],"_links":{"self":[{"href":"https:\/\/gavermedmening.dk\/index.php?rest_route=\/wp\/v2\/product\/38577","targetHints":{"allow":["GET"]}}],"collection":[{"href":"https:\/\/gavermedmening.dk\/index.php?rest_route=\/wp\/v2\/product"}],"about":[{"href":"https:\/\/gavermedmening.dk\/index.php?rest_route=\/wp\/v2\/types\/product"}],"replies":[{"embeddable":true,"href":"https:\/\/gavermedmening.dk\/index.php?rest_route=%2Fwp%2Fv2%2Fcomments&post=38577"}],"wp:featuredmedia":[{"embeddable":true,"href":"https:\/\/gavermedmening.dk\/index.php?rest_route=\/wp\/v2\/media\/38600"}],"wp:attachment":[{"href":"https:\/\/gavermedmening.dk\/index.php?rest_route=%2Fwp%2Fv2%2Fmedia&parent=38577"}],"wp:term":[{"taxonomy":"product_brand","embeddable":true,"href":"https:\/\/gavermedmening.dk\/index.php?rest_route=%2Fwp%2Fv2%2Fproduct_brand&post=38577"},{"taxonomy":"product_cat","embeddable":true,"href":"https:\/\/gavermedmening.dk\/index.php?rest_route=%2Fwp%2Fv2%2Fproduct_cat&post=38577"},{"taxonomy":"product_tag","embeddable":true,"href":"https:\/\/gavermedmening.dk\/index.php?rest_route=%2Fwp%2Fv2%2Fproduct_tag&post=38577"}],"curies":[{"name":"wp","href":"https:\/\/api.w.org\/{rel}","templated":true}]}}