{"id":38645,"date":"2023-02-17T19:15:33","date_gmt":"2023-02-17T19:15:33","guid":{"rendered":"https:\/\/artos.dk\/gmm\/?post_type=product&#038;p=38645"},"modified":"2024-12-17T15:47:39","modified_gmt":"2024-12-17T15:47:39","slug":"child-of-god-bodystocking-unisex","status":"publish","type":"product","link":"https:\/\/gavermedmening.dk\/?product=child-of-god-bodystocking-unisex","title":{"rendered":"Child of God &#8211; bodystocking (unisex)"},"content":{"rendered":"<p>H\u00e5ndlavet bodystocking i hvid bomuld.<\/p>\n<p>Denne yndige hvide kort\u00e6rmede bodystocking har interlock-stof og rib rundt om halsen og \u00e6rmerne for at bevare formen. Den har ogs\u00e5 nikkelfri trykknapper til at lukke ved ben\u00e5bning.<\/p>\n<p>St\u00f8rrelser: 0-3 mdr., 3-6 mdr., 6-12 mdr., 12-18 mdr.<\/p>\n<p>Designet og printet i England<\/p>\n","protected":false},"excerpt":{"rendered":"<p>H\u00e5ndlavet bodystocking i hvid bomuld. Denne yndige hvide kort\u00e6rmede bodystocking har interlock-stof og rib rundt om halsen og \u00e6rmerne for at bevare formen. Den har ogs\u00e5 nikkelfri trykknapper til at lukke ved ben\u00e5bning. St\u00f8rrelser: 0-3 mdr., 3-6 mdr., 6-12 mdr., 12-18 mdr. Designet og printet i England<\/p>\n","protected":false},"featured_media":38656,"comment_status":"closed","ping_status":"closed","template":"","meta":{"_acf_changed":false,"_et_pb_use_builder":"","_et_pb_old_content":"","_et_gb_content_width":""},"product_brand":[],"product_cat":[6159],"product_tag":[6191],"class_list":{"0":"post-38645","1":"product","2":"type-product","3":"status-publish","4":"has-post-thumbnail","6":"product_cat-bodystocking-baby","7":"product_tag-bodystocking","8":"pa_stoerrrelse-0-3-mdr","9":"pa_stoerrrelse-12-18-mdr","10":"pa_stoerrrelse-3-6-mdr","11":"pa_stoerrrelse-6-12-mdr","13":"first","14":"instock","15":"taxable","16":"shipping-taxable","17":"purchasable","18":"product-type-variable"},"acf":[],"_links":{"self":[{"href":"https:\/\/gavermedmening.dk\/index.php?rest_route=\/wp\/v2\/product\/38645","targetHints":{"allow":["GET"]}}],"collection":[{"href":"https:\/\/gavermedmening.dk\/index.php?rest_route=\/wp\/v2\/product"}],"about":[{"href":"https:\/\/gavermedmening.dk\/index.php?rest_route=\/wp\/v2\/types\/product"}],"replies":[{"embeddable":true,"href":"https:\/\/gavermedmening.dk\/index.php?rest_route=%2Fwp%2Fv2%2Fcomments&post=38645"}],"wp:featuredmedia":[{"embeddable":true,"href":"https:\/\/gavermedmening.dk\/index.php?rest_route=\/wp\/v2\/media\/38656"}],"wp:attachment":[{"href":"https:\/\/gavermedmening.dk\/index.php?rest_route=%2Fwp%2Fv2%2Fmedia&parent=38645"}],"wp:term":[{"taxonomy":"product_brand","embeddable":true,"href":"https:\/\/gavermedmening.dk\/index.php?rest_route=%2Fwp%2Fv2%2Fproduct_brand&post=38645"},{"taxonomy":"product_cat","embeddable":true,"href":"https:\/\/gavermedmening.dk\/index.php?rest_route=%2Fwp%2Fv2%2Fproduct_cat&post=38645"},{"taxonomy":"product_tag","embeddable":true,"href":"https:\/\/gavermedmening.dk\/index.php?rest_route=%2Fwp%2Fv2%2Fproduct_tag&post=38645"}],"curies":[{"name":"wp","href":"https:\/\/api.w.org\/{rel}","templated":true}]}}