{"id":38853,"date":"2023-03-08T14:20:55","date_gmt":"2023-03-08T14:20:55","guid":{"rendered":"https:\/\/artos.dk\/gmm\/vare\/child-of-god-borne-t-shirt-unisex\/"},"modified":"2023-03-29T12:18:17","modified_gmt":"2023-03-29T12:18:17","slug":"child-of-god-borne-t-shirt-unisex","status":"publish","type":"product","link":"https:\/\/gavermedmening.dk\/?product=child-of-god-borne-t-shirt-unisex","title":{"rendered":"Child of God &#8211; baby-t-shirt (unisex)"},"content":{"rendered":"<p>H\u00e5ndlavet t-shirt i bomuld og polyester<\/p>\n<p>Farver: Bubblegum pink, Dusty blue<\/p>\n<p>Denne yndige kort\u00e6rmede baby-t-shirt har interlock-stof og rib i bomuld\/elastan rundt om halsen.<br \/>\nDen har ogs\u00e5 nikkelfri trykknapper til skulder\u00e5bning for nem p\u00e5kl\u00e6dning.<\/p>\n<p>St\u00f8rrelser: 0-3 mdr., 3-6 mdr., 6-12 mdr., 12-18 mdr., 18-24 mdr.<\/p>\n<p>Designet og printet i England<\/p>\n","protected":false},"excerpt":{"rendered":"<p>H\u00e5ndlavet t-shirt i bomuld og polyester Farver: Bubblegum pink, Dusty blue Denne yndige kort\u00e6rmede baby-t-shirt har interlock-stof og rib i bomuld\/elastan rundt om halsen. Den har ogs\u00e5 nikkelfri trykknapper til skulder\u00e5bning for nem p\u00e5kl\u00e6dning. St\u00f8rrelser: 0-3 mdr., 3-6 mdr., 6-12 mdr., 12-18 mdr., 18-24 mdr. Designet og printet i England<\/p>\n","protected":false},"featured_media":38851,"comment_status":"closed","ping_status":"closed","template":"","meta":{"_acf_changed":false,"_et_pb_use_builder":"","_et_pb_old_content":"","_et_gb_content_width":""},"product_brand":[],"product_cat":[6158],"product_tag":[6190],"class_list":{"0":"post-38853","1":"product","2":"type-product","3":"status-publish","4":"has-post-thumbnail","6":"product_cat-t-shirts-baby","7":"product_tag-t-shirts","8":"pa_farve-bubblegum-pink","9":"pa_farve-dusty-blue","10":"pa_stoerrrelse-0-3-mdr","11":"pa_stoerrrelse-12-18-mdr","12":"pa_stoerrrelse-18-24-mdr","13":"pa_stoerrrelse-3-6-mdr","14":"pa_stoerrrelse-6-12-mdr","16":"first","17":"instock","18":"taxable","19":"shipping-taxable","20":"product-type-variable"},"acf":[],"_links":{"self":[{"href":"https:\/\/gavermedmening.dk\/index.php?rest_route=\/wp\/v2\/product\/38853","targetHints":{"allow":["GET"]}}],"collection":[{"href":"https:\/\/gavermedmening.dk\/index.php?rest_route=\/wp\/v2\/product"}],"about":[{"href":"https:\/\/gavermedmening.dk\/index.php?rest_route=\/wp\/v2\/types\/product"}],"replies":[{"embeddable":true,"href":"https:\/\/gavermedmening.dk\/index.php?rest_route=%2Fwp%2Fv2%2Fcomments&post=38853"}],"wp:featuredmedia":[{"embeddable":true,"href":"https:\/\/gavermedmening.dk\/index.php?rest_route=\/wp\/v2\/media\/38851"}],"wp:attachment":[{"href":"https:\/\/gavermedmening.dk\/index.php?rest_route=%2Fwp%2Fv2%2Fmedia&parent=38853"}],"wp:term":[{"taxonomy":"product_brand","embeddable":true,"href":"https:\/\/gavermedmening.dk\/index.php?rest_route=%2Fwp%2Fv2%2Fproduct_brand&post=38853"},{"taxonomy":"product_cat","embeddable":true,"href":"https:\/\/gavermedmening.dk\/index.php?rest_route=%2Fwp%2Fv2%2Fproduct_cat&post=38853"},{"taxonomy":"product_tag","embeddable":true,"href":"https:\/\/gavermedmening.dk\/index.php?rest_route=%2Fwp%2Fv2%2Fproduct_tag&post=38853"}],"curies":[{"name":"wp","href":"https:\/\/api.w.org\/{rel}","templated":true}]}}