{"id":38892,"date":"2023-03-15T20:52:53","date_gmt":"2023-03-15T20:52:53","guid":{"rendered":"https:\/\/artos.dk\/gmm\/?post_type=product&#038;p=38892"},"modified":"2024-12-29T16:07:42","modified_gmt":"2024-12-29T16:07:42","slug":"amen-printed-t-shirt-men","status":"publish","type":"product","link":"https:\/\/gavermedmening.dk\/?product=amen-printed-t-shirt-men","title":{"rendered":"AMEN &#8211; printed t-shirt (men)"},"content":{"rendered":"<p>H\u00e5ndlavet t-shirt i bomuld<\/p>\n<p>T-shirt i lys gr\u00e5 til hverdagsbrug.<br \/>\nAMEN print p\u00e5 stor central placering.<\/p>\n<p>B\u00e6r din tro, del din tro, spred evangeliet.<\/p>\n<p>Tjek st\u00f8rrelsesguide (p\u00e5 billedet) f\u00f8r bestilling.<\/p>\n","protected":false},"excerpt":{"rendered":"<p>H\u00e5ndlavet t-shirt i bomuld T-shirt i lys gr\u00e5 til hverdagsbrug. AMEN print p\u00e5 stor central placering. B\u00e6r din tro, del din tro, spred evangeliet. Tjek st\u00f8rrelsesguide (p\u00e5 billedet) f\u00f8r bestilling.<\/p>\n","protected":false},"featured_media":38903,"comment_status":"closed","ping_status":"closed","template":"","meta":{"_acf_changed":false,"_et_pb_use_builder":"","_et_pb_old_content":"","_et_gb_content_width":""},"product_brand":[],"product_cat":[6154],"product_tag":[6190],"class_list":{"0":"post-38892","1":"product","2":"type-product","3":"status-publish","4":"has-post-thumbnail","6":"product_cat-t-shirts-herre","7":"product_tag-t-shirts","8":"pa_farve-sport-grey","9":"pa_stoerrrelse-large","10":"pa_stoerrrelse-medium","11":"pa_stoerrrelse-small","12":"pa_stoerrrelse-x-large","14":"first","15":"instock","16":"taxable","17":"shipping-taxable","18":"purchasable","19":"product-type-variable"},"acf":[],"_links":{"self":[{"href":"https:\/\/gavermedmening.dk\/index.php?rest_route=\/wp\/v2\/product\/38892","targetHints":{"allow":["GET"]}}],"collection":[{"href":"https:\/\/gavermedmening.dk\/index.php?rest_route=\/wp\/v2\/product"}],"about":[{"href":"https:\/\/gavermedmening.dk\/index.php?rest_route=\/wp\/v2\/types\/product"}],"replies":[{"embeddable":true,"href":"https:\/\/gavermedmening.dk\/index.php?rest_route=%2Fwp%2Fv2%2Fcomments&post=38892"}],"wp:featuredmedia":[{"embeddable":true,"href":"https:\/\/gavermedmening.dk\/index.php?rest_route=\/wp\/v2\/media\/38903"}],"wp:attachment":[{"href":"https:\/\/gavermedmening.dk\/index.php?rest_route=%2Fwp%2Fv2%2Fmedia&parent=38892"}],"wp:term":[{"taxonomy":"product_brand","embeddable":true,"href":"https:\/\/gavermedmening.dk\/index.php?rest_route=%2Fwp%2Fv2%2Fproduct_brand&post=38892"},{"taxonomy":"product_cat","embeddable":true,"href":"https:\/\/gavermedmening.dk\/index.php?rest_route=%2Fwp%2Fv2%2Fproduct_cat&post=38892"},{"taxonomy":"product_tag","embeddable":true,"href":"https:\/\/gavermedmening.dk\/index.php?rest_route=%2Fwp%2Fv2%2Fproduct_tag&post=38892"}],"curies":[{"name":"wp","href":"https:\/\/api.w.org\/{rel}","templated":true}]}}