{"id":38963,"date":"2023-03-29T12:56:05","date_gmt":"2023-03-29T12:56:05","guid":{"rendered":"https:\/\/artos.dk\/gmm\/?post_type=product&#038;p=38963"},"modified":"2024-12-06T15:19:44","modified_gmt":"2024-12-06T15:19:44","slug":"fearless-printed-t-shirt-men","status":"publish","type":"product","link":"https:\/\/gavermedmening.dk\/?product=fearless-printed-t-shirt-men","title":{"rendered":"Fearless &#8211; printed t-shirt (men)"},"content":{"rendered":"<p>H\u00e5ndlavet t-shirt i bomuld<\/p>\n<p>T-shirt i til hverdagsbrug.<br \/>\nFearless print p\u00e5 stor central placering og Isaiah 41:10 med mindre skrift derunder.<\/p>\n<p>B\u00e6r din tro, del din tro, spred evangeliet.<\/p>\n<p>Tjek st\u00f8rrelsesguide (p\u00e5 billedet) f\u00f8r bestilling.<\/p>\n","protected":false},"excerpt":{"rendered":"<p>H\u00e5ndlavet t-shirt i bomuld T-shirt i til hverdagsbrug. Fearless print p\u00e5 stor central placering og Isaiah 41:10 med mindre skrift derunder. B\u00e6r din tro, del din tro, spred evangeliet. Tjek st\u00f8rrelsesguide (p\u00e5 billedet) f\u00f8r bestilling.<\/p>\n","protected":false},"featured_media":38988,"comment_status":"closed","ping_status":"closed","template":"","meta":{"_acf_changed":false,"_et_pb_use_builder":"","_et_pb_old_content":"","_et_gb_content_width":""},"product_brand":[],"product_cat":[6154],"product_tag":[6190],"class_list":{"0":"post-38963","1":"product","2":"type-product","3":"status-publish","4":"has-post-thumbnail","6":"product_cat-t-shirts-herre","7":"product_tag-t-shirts","8":"pa_farve-black","9":"pa_farve-charcoal-grey","10":"pa_farve-navy-blue","11":"pa_farve-olive-green","12":"pa_farve-white","13":"pa_stoerrrelse-large","14":"pa_stoerrrelse-medium","15":"pa_stoerrrelse-small","16":"pa_stoerrrelse-x-large","18":"first","19":"instock","20":"taxable","21":"shipping-taxable","22":"purchasable","23":"product-type-variable"},"acf":[],"_links":{"self":[{"href":"https:\/\/gavermedmening.dk\/index.php?rest_route=\/wp\/v2\/product\/38963","targetHints":{"allow":["GET"]}}],"collection":[{"href":"https:\/\/gavermedmening.dk\/index.php?rest_route=\/wp\/v2\/product"}],"about":[{"href":"https:\/\/gavermedmening.dk\/index.php?rest_route=\/wp\/v2\/types\/product"}],"replies":[{"embeddable":true,"href":"https:\/\/gavermedmening.dk\/index.php?rest_route=%2Fwp%2Fv2%2Fcomments&post=38963"}],"wp:featuredmedia":[{"embeddable":true,"href":"https:\/\/gavermedmening.dk\/index.php?rest_route=\/wp\/v2\/media\/38988"}],"wp:attachment":[{"href":"https:\/\/gavermedmening.dk\/index.php?rest_route=%2Fwp%2Fv2%2Fmedia&parent=38963"}],"wp:term":[{"taxonomy":"product_brand","embeddable":true,"href":"https:\/\/gavermedmening.dk\/index.php?rest_route=%2Fwp%2Fv2%2Fproduct_brand&post=38963"},{"taxonomy":"product_cat","embeddable":true,"href":"https:\/\/gavermedmening.dk\/index.php?rest_route=%2Fwp%2Fv2%2Fproduct_cat&post=38963"},{"taxonomy":"product_tag","embeddable":true,"href":"https:\/\/gavermedmening.dk\/index.php?rest_route=%2Fwp%2Fv2%2Fproduct_tag&post=38963"}],"curies":[{"name":"wp","href":"https:\/\/api.w.org\/{rel}","templated":true}]}}