{"id":41505,"date":"2024-06-28T18:40:18","date_gmt":"2024-06-28T18:40:18","guid":{"rendered":"https:\/\/gavermedmening.dk\/vare\/bedende-engel-i-fedtsten-ca-8-9-cm\/"},"modified":"2024-11-03T15:12:11","modified_gmt":"2024-11-03T15:12:11","slug":"bedende-engel-i-fedtsten-ca-8-9-cm","status":"publish","type":"product","link":"https:\/\/gavermedmening.dk\/?product=bedende-engel-i-fedtsten-ca-8-9-cm","title":{"rendered":"Bedende engel i fedtsten &#8211; ca 8-9 cm"},"content":{"rendered":"<p><strong>Beskrivelse:<\/strong><\/p>\n<p>H\u00e5ndv\u00e6rk fra Kenya: Figur af en bedende engel lavet af naturlig sten.<br \/>Hver figur er h\u00e5ndlavet og derfor unik. St\u00f8rrelse, form og farver kan variere.<br \/>Pakket i en organzapose med et lille kort (med tysk tekst).<\/p>\n<ul>\n<li>Materiale: Sten<\/li>\n<li>St\u00f8rrelse: Ca. 8-9 cm i h\u00f8jden<\/li>\n<li>Unik h\u00e5ndlavet i Kenya<\/li>\n<li>Fair trade<\/li>\n<li>Farve og form kan variere fra billedet.<\/li>\n<\/ul>\n","protected":false},"excerpt":{"rendered":"<p>Beskrivelse: H\u00e5ndv\u00e6rk fra Kenya: Figur af en bedende engel lavet af naturlig sten.Hver figur er h\u00e5ndlavet og derfor unik. St\u00f8rrelse, form og farver kan variere.Pakket i en organzapose med et lille kort (med tysk tekst). Materiale: Sten St\u00f8rrelse: Ca. 8-9 cm i h\u00f8jden Unik h\u00e5ndlavet i Kenya Fair trade Farve og form kan variere fra [&hellip;]<\/p>\n","protected":false},"featured_media":41506,"comment_status":"closed","ping_status":"closed","template":"","meta":{"_acf_changed":false,"_et_pb_use_builder":"","_et_pb_old_content":"","_et_gb_content_width":""},"product_brand":[],"product_cat":[6341,6227,6229],"product_tag":[],"class_list":{"0":"post-41505","1":"product","2":"type-product","3":"status-publish","4":"has-post-thumbnail","6":"product_cat-figurer","7":"product_cat-julekrybber-og-figurer","8":"product_cat-praisent","10":"first","11":"instock","12":"taxable","13":"shipping-taxable","14":"purchasable","15":"product-type-simple"},"acf":[],"_links":{"self":[{"href":"https:\/\/gavermedmening.dk\/index.php?rest_route=\/wp\/v2\/product\/41505","targetHints":{"allow":["GET"]}}],"collection":[{"href":"https:\/\/gavermedmening.dk\/index.php?rest_route=\/wp\/v2\/product"}],"about":[{"href":"https:\/\/gavermedmening.dk\/index.php?rest_route=\/wp\/v2\/types\/product"}],"replies":[{"embeddable":true,"href":"https:\/\/gavermedmening.dk\/index.php?rest_route=%2Fwp%2Fv2%2Fcomments&post=41505"}],"wp:featuredmedia":[{"embeddable":true,"href":"https:\/\/gavermedmening.dk\/index.php?rest_route=\/wp\/v2\/media\/41506"}],"wp:attachment":[{"href":"https:\/\/gavermedmening.dk\/index.php?rest_route=%2Fwp%2Fv2%2Fmedia&parent=41505"}],"wp:term":[{"taxonomy":"product_brand","embeddable":true,"href":"https:\/\/gavermedmening.dk\/index.php?rest_route=%2Fwp%2Fv2%2Fproduct_brand&post=41505"},{"taxonomy":"product_cat","embeddable":true,"href":"https:\/\/gavermedmening.dk\/index.php?rest_route=%2Fwp%2Fv2%2Fproduct_cat&post=41505"},{"taxonomy":"product_tag","embeddable":true,"href":"https:\/\/gavermedmening.dk\/index.php?rest_route=%2Fwp%2Fv2%2Fproduct_tag&post=41505"}],"curies":[{"name":"wp","href":"https:\/\/api.w.org\/{rel}","templated":true}]}}