{"id":41517,"date":"2024-06-28T17:53:04","date_gmt":"2024-06-28T17:53:04","guid":{"rendered":"https:\/\/gavermedmening.dk\/vare\/bedende-engel-i-fedtsten-mini-ca-35-cm-rosa\/"},"modified":"2024-11-10T21:13:58","modified_gmt":"2024-11-10T21:13:58","slug":"bedende-engel-i-fedtsten-mini-ca-35-cm-rosa","status":"publish","type":"product","link":"https:\/\/gavermedmening.dk\/?product=bedende-engel-i-fedtsten-mini-ca-35-cm-rosa","title":{"rendered":"Bedende engel i fedtsten &#8211; mini, ca 3,5 cm &#8211; rosa"},"content":{"rendered":"<p><strong>Beskrivelse:<\/strong><\/p>\n<p>H\u00e5ndv\u00e6rkskunst fra Kenya: Figur af en bedende engel i mini-version lavet af naturlig fedtsten.<\/p>\n<p>En helt speciel lille f\u00f8lgesvend som en beskyttende engel og en dejlig at have i lommen. K\u00e6rlig opm\u00e6rksomhed, f.eks. til skolestart, f\u00f8r eksamener, som opmuntring eller som tr\u00f8st i sorg og meget mere.<\/p>\n<p>Hver figur er h\u00e5ndlavet og derfor unik St\u00f8rrelse, form og farver kan variere.<\/p>\n<p>Pakket ind i en organzapose med et lille kort (med tysk tekst).<\/p>\n<ul>\n<li>Materiale: Sten<\/li>\n<li>St\u00f8rrelse: H\u00f8jde ca. 3,5 cm<\/li>\n<li>Farve: Rosa<\/li>\n<li>Unika h\u00e5ndlavet i Kenya<\/li>\n<li>Fair trade<\/li>\n<li>Farve og form kan variere fra billedet.<\/li>\n<\/ul>\n","protected":false},"excerpt":{"rendered":"<p>Beskrivelse: H\u00e5ndv\u00e6rkskunst fra Kenya: Figur af en bedende engel i mini-version lavet af naturlig fedtsten. En helt speciel lille f\u00f8lgesvend som en beskyttende engel og en dejlig at have i lommen. K\u00e6rlig opm\u00e6rksomhed, f.eks. til skolestart, f\u00f8r eksamener, som opmuntring eller som tr\u00f8st i sorg og meget mere. Hver figur er h\u00e5ndlavet og derfor unik [&hellip;]<\/p>\n","protected":false},"featured_media":41518,"comment_status":"closed","ping_status":"closed","template":"","meta":{"_acf_changed":false,"_et_pb_use_builder":"","_et_pb_old_content":"","_et_gb_content_width":""},"product_brand":[],"product_cat":[6341,6227,6229,6230],"product_tag":[],"class_list":{"0":"post-41517","1":"product","2":"type-product","3":"status-publish","4":"has-post-thumbnail","6":"product_cat-figurer","7":"product_cat-julekrybber-og-figurer","8":"product_cat-praisent","9":"product_cat-til-lommen","11":"first","12":"instock","13":"taxable","14":"shipping-taxable","15":"purchasable","16":"product-type-simple"},"acf":[],"_links":{"self":[{"href":"https:\/\/gavermedmening.dk\/index.php?rest_route=\/wp\/v2\/product\/41517","targetHints":{"allow":["GET"]}}],"collection":[{"href":"https:\/\/gavermedmening.dk\/index.php?rest_route=\/wp\/v2\/product"}],"about":[{"href":"https:\/\/gavermedmening.dk\/index.php?rest_route=\/wp\/v2\/types\/product"}],"replies":[{"embeddable":true,"href":"https:\/\/gavermedmening.dk\/index.php?rest_route=%2Fwp%2Fv2%2Fcomments&post=41517"}],"wp:featuredmedia":[{"embeddable":true,"href":"https:\/\/gavermedmening.dk\/index.php?rest_route=\/wp\/v2\/media\/41518"}],"wp:attachment":[{"href":"https:\/\/gavermedmening.dk\/index.php?rest_route=%2Fwp%2Fv2%2Fmedia&parent=41517"}],"wp:term":[{"taxonomy":"product_brand","embeddable":true,"href":"https:\/\/gavermedmening.dk\/index.php?rest_route=%2Fwp%2Fv2%2Fproduct_brand&post=41517"},{"taxonomy":"product_cat","embeddable":true,"href":"https:\/\/gavermedmening.dk\/index.php?rest_route=%2Fwp%2Fv2%2Fproduct_cat&post=41517"},{"taxonomy":"product_tag","embeddable":true,"href":"https:\/\/gavermedmening.dk\/index.php?rest_route=%2Fwp%2Fv2%2Fproduct_tag&post=41517"}],"curies":[{"name":"wp","href":"https:\/\/api.w.org\/{rel}","templated":true}]}}