{"id":41521,"date":"2024-06-27T13:16:37","date_gmt":"2024-06-27T13:16:37","guid":{"rendered":"https:\/\/gavermedmening.dk\/vare\/silhouettekrybbe\/"},"modified":"2024-10-25T15:09:37","modified_gmt":"2024-10-25T15:09:37","slug":"silhouettekrybbe","status":"publish","type":"product","link":"https:\/\/gavermedmening.dk\/?product=silhouettekrybbe","title":{"rendered":"Silhouettekrybbe"},"content":{"rendered":"<p><strong>Beskrivelse:<\/strong><\/p>\n<p>Eksklusiv h\u00e5ndlavet julekrybbe i silhuet med plads til fyrfadslys.<\/p>\n<p>11 flytbare krybbefigurer i rustfrit st\u00e5l.<br \/>Maksimal figurh\u00f8jde: 6 cm<br \/>St\u00f8rrelse: 30 x 15 x 12 cm<\/p>\n<p>Materialer: B\u00f8getr\u00e6 og rustfrit st\u00e5l<\/p>\n<p>Krybbefigurerne opbevares smart ved hj\u00e6lp af magneter p\u00e5 undersiden af ??bundpladen.<br \/>N\u00e5r det er tid til at s\u00e6tte krybben op, placeres krybbefigurerne i rillerne p\u00e5 oversiden.<br \/>Julekrybben leveres i en flot gave\u00e6ske.<\/p>\n","protected":false},"excerpt":{"rendered":"<p>Beskrivelse: Eksklusiv h\u00e5ndlavet julekrybbe i silhuet med plads til fyrfadslys. 11 flytbare krybbefigurer i rustfrit st\u00e5l.Maksimal figurh\u00f8jde: 6 cmSt\u00f8rrelse: 30 x 15 x 12 cm Materialer: B\u00f8getr\u00e6 og rustfrit st\u00e5l Krybbefigurerne opbevares smart ved hj\u00e6lp af magneter p\u00e5 undersiden af ??bundpladen.N\u00e5r det er tid til at s\u00e6tte krybben op, placeres krybbefigurerne i rillerne p\u00e5 oversiden.Julekrybben [&hellip;]<\/p>\n","protected":false},"featured_media":0,"comment_status":"closed","ping_status":"closed","template":"","meta":{"_acf_changed":false,"_et_pb_use_builder":"","_et_pb_old_content":"","_et_gb_content_width":""},"product_brand":[],"product_cat":[6232,6227],"product_tag":[],"class_list":{"0":"post-41521","1":"product","2":"type-product","3":"status-publish","5":"product_cat-borneling","6":"product_cat-julekrybber-og-figurer","8":"first","9":"instock","10":"taxable","11":"shipping-taxable","12":"purchasable","13":"product-type-simple"},"acf":[],"_links":{"self":[{"href":"https:\/\/gavermedmening.dk\/index.php?rest_route=\/wp\/v2\/product\/41521","targetHints":{"allow":["GET"]}}],"collection":[{"href":"https:\/\/gavermedmening.dk\/index.php?rest_route=\/wp\/v2\/product"}],"about":[{"href":"https:\/\/gavermedmening.dk\/index.php?rest_route=\/wp\/v2\/types\/product"}],"replies":[{"embeddable":true,"href":"https:\/\/gavermedmening.dk\/index.php?rest_route=%2Fwp%2Fv2%2Fcomments&post=41521"}],"wp:attachment":[{"href":"https:\/\/gavermedmening.dk\/index.php?rest_route=%2Fwp%2Fv2%2Fmedia&parent=41521"}],"wp:term":[{"taxonomy":"product_brand","embeddable":true,"href":"https:\/\/gavermedmening.dk\/index.php?rest_route=%2Fwp%2Fv2%2Fproduct_brand&post=41521"},{"taxonomy":"product_cat","embeddable":true,"href":"https:\/\/gavermedmening.dk\/index.php?rest_route=%2Fwp%2Fv2%2Fproduct_cat&post=41521"},{"taxonomy":"product_tag","embeddable":true,"href":"https:\/\/gavermedmening.dk\/index.php?rest_route=%2Fwp%2Fv2%2Fproduct_tag&post=41521"}],"curies":[{"name":"wp","href":"https:\/\/api.w.org\/{rel}","templated":true}]}}