{"id":41525,"date":"2024-06-27T13:16:37","date_gmt":"2024-06-27T13:16:37","guid":{"rendered":"https:\/\/gavermedmening.dk\/vare\/julekrybbe-med-stald-lille\/"},"modified":"2024-10-25T15:09:47","modified_gmt":"2024-10-25T15:09:47","slug":"julekrybbe-med-stald-lille","status":"publish","type":"product","link":"https:\/\/gavermedmening.dk\/?product=julekrybbe-med-stald-lille","title":{"rendered":"Julekrybbe med stald &#8211; lille"},"content":{"rendered":"<p><strong>Beskrivelse:<\/strong><\/p>\n<p>Lille julekrybbe<\/p>\n<p>10 l\u00f8se krybbefigurer<\/p>\n<p>Staldh\u00f8jde: 6,5 cm<br \/>Maksimal figurh\u00f8jde: 2,5 cm<\/p>\n<p>B\u00e5de stalde og krybbefigurer er lavet af resin (keramiklignende\/stenlignende materiale) for at g\u00f8re julekrybberne mere holdbare.<\/p>\n","protected":false},"excerpt":{"rendered":"<p>Beskrivelse: Lille julekrybbe 10 l\u00f8se krybbefigurer Staldh\u00f8jde: 6,5 cmMaksimal figurh\u00f8jde: 2,5 cm B\u00e5de stalde og krybbefigurer er lavet af resin (keramiklignende\/stenlignende materiale) for at g\u00f8re julekrybberne mere holdbare.<\/p>\n","protected":false},"featured_media":0,"comment_status":"closed","ping_status":"closed","template":"","meta":{"_acf_changed":false,"_et_pb_use_builder":"","_et_pb_old_content":"","_et_gb_content_width":""},"product_brand":[],"product_cat":[6232,6227],"product_tag":[],"class_list":{"0":"post-41525","1":"product","2":"type-product","3":"status-publish","5":"product_cat-borneling","6":"product_cat-julekrybber-og-figurer","8":"first","9":"instock","10":"taxable","11":"shipping-taxable","12":"purchasable","13":"product-type-simple"},"acf":[],"_links":{"self":[{"href":"https:\/\/gavermedmening.dk\/index.php?rest_route=\/wp\/v2\/product\/41525","targetHints":{"allow":["GET"]}}],"collection":[{"href":"https:\/\/gavermedmening.dk\/index.php?rest_route=\/wp\/v2\/product"}],"about":[{"href":"https:\/\/gavermedmening.dk\/index.php?rest_route=\/wp\/v2\/types\/product"}],"replies":[{"embeddable":true,"href":"https:\/\/gavermedmening.dk\/index.php?rest_route=%2Fwp%2Fv2%2Fcomments&post=41525"}],"wp:attachment":[{"href":"https:\/\/gavermedmening.dk\/index.php?rest_route=%2Fwp%2Fv2%2Fmedia&parent=41525"}],"wp:term":[{"taxonomy":"product_brand","embeddable":true,"href":"https:\/\/gavermedmening.dk\/index.php?rest_route=%2Fwp%2Fv2%2Fproduct_brand&post=41525"},{"taxonomy":"product_cat","embeddable":true,"href":"https:\/\/gavermedmening.dk\/index.php?rest_route=%2Fwp%2Fv2%2Fproduct_cat&post=41525"},{"taxonomy":"product_tag","embeddable":true,"href":"https:\/\/gavermedmening.dk\/index.php?rest_route=%2Fwp%2Fv2%2Fproduct_tag&post=41525"}],"curies":[{"name":"wp","href":"https:\/\/api.w.org\/{rel}","templated":true}]}}