{"id":41526,"date":"2024-06-27T13:16:37","date_gmt":"2024-06-27T13:16:37","guid":{"rendered":"https:\/\/gavermedmening.dk\/vare\/julekrybbe-med-stald-stor\/"},"modified":"2024-10-25T15:09:49","modified_gmt":"2024-10-25T15:09:49","slug":"julekrybbe-med-stald-stor","status":"publish","type":"product","link":"https:\/\/gavermedmening.dk\/?product=julekrybbe-med-stald-stor","title":{"rendered":"Julekrybbe med stald &#8211; stor"},"content":{"rendered":"<p><strong>Beskrivelse:<\/strong><\/p>\n<p>Vidunderlig julekrybbe!<br \/>Figurerne er lavet af resin, men fremst\u00e5r som mejslet og udsk\u00e5ret tr\u00e6.<br \/>Stalden er lavet af tr\u00e6.<br \/>Resin er et blandet materiale af sten og plast. Det ligner keramik, men er ikke p\u00e5 samme m\u00e5de<br \/>skr\u00f8belig. Det er det mest almindelige materiale til fremstilling af statuetter og figurer.<\/p>\n<p>9 l\u00f8se krybbefigurer<br \/>Maksimal figurh\u00f8jde: 7,5 cm<br \/>Staldens h\u00f8jde: 12 cm<\/p>\n","protected":false},"excerpt":{"rendered":"<p>Beskrivelse: Vidunderlig julekrybbe!Figurerne er lavet af resin, men fremst\u00e5r som mejslet og udsk\u00e5ret tr\u00e6.Stalden er lavet af tr\u00e6.Resin er et blandet materiale af sten og plast. Det ligner keramik, men er ikke p\u00e5 samme m\u00e5deskr\u00f8belig. Det er det mest almindelige materiale til fremstilling af statuetter og figurer. 9 l\u00f8se krybbefigurerMaksimal figurh\u00f8jde: 7,5 cmStaldens h\u00f8jde: 12 [&hellip;]<\/p>\n","protected":false},"featured_media":0,"comment_status":"closed","ping_status":"closed","template":"","meta":{"_acf_changed":false,"_et_pb_use_builder":"","_et_pb_old_content":"","_et_gb_content_width":""},"product_brand":[],"product_cat":[6232,6227],"product_tag":[],"class_list":{"0":"post-41526","1":"product","2":"type-product","3":"status-publish","5":"product_cat-borneling","6":"product_cat-julekrybber-og-figurer","8":"first","9":"instock","10":"taxable","11":"shipping-taxable","12":"purchasable","13":"product-type-simple"},"acf":[],"_links":{"self":[{"href":"https:\/\/gavermedmening.dk\/index.php?rest_route=\/wp\/v2\/product\/41526","targetHints":{"allow":["GET"]}}],"collection":[{"href":"https:\/\/gavermedmening.dk\/index.php?rest_route=\/wp\/v2\/product"}],"about":[{"href":"https:\/\/gavermedmening.dk\/index.php?rest_route=\/wp\/v2\/types\/product"}],"replies":[{"embeddable":true,"href":"https:\/\/gavermedmening.dk\/index.php?rest_route=%2Fwp%2Fv2%2Fcomments&post=41526"}],"wp:attachment":[{"href":"https:\/\/gavermedmening.dk\/index.php?rest_route=%2Fwp%2Fv2%2Fmedia&parent=41526"}],"wp:term":[{"taxonomy":"product_brand","embeddable":true,"href":"https:\/\/gavermedmening.dk\/index.php?rest_route=%2Fwp%2Fv2%2Fproduct_brand&post=41526"},{"taxonomy":"product_cat","embeddable":true,"href":"https:\/\/gavermedmening.dk\/index.php?rest_route=%2Fwp%2Fv2%2Fproduct_cat&post=41526"},{"taxonomy":"product_tag","embeddable":true,"href":"https:\/\/gavermedmening.dk\/index.php?rest_route=%2Fwp%2Fv2%2Fproduct_tag&post=41526"}],"curies":[{"name":"wp","href":"https:\/\/api.w.org\/{rel}","templated":true}]}}