{"id":41527,"date":"2024-06-27T13:16:37","date_gmt":"2024-06-27T13:16:37","guid":{"rendered":"https:\/\/gavermedmening.dk\/vare\/julekrybbe-fairtrade\/"},"modified":"2024-10-25T15:09:52","modified_gmt":"2024-10-25T15:09:52","slug":"julekrybbe-fairtrade","status":"publish","type":"product","link":"https:\/\/gavermedmening.dk\/?product=julekrybbe-fairtrade","title":{"rendered":"Julekrybbe &#8211; fairtrade"},"content":{"rendered":"<p><strong>Beskrivelse:<\/strong><\/p>\n<p>Lille julekrybbe lavet af oliventr\u00e6 fra Betlehem.<br \/>Til at stille eller h\u00e6nge<br \/>H\u00f8jde: 7,5 cm<\/p>\n<p>I landsbyen Beit Sahour (Hyrdernes Eng), lige \u00f8st for Bethlehem, er der et kooperativ med 35 familieejede v\u00e6rksteder. &#8220;Holy Land Handicraft Cooperative Society&#8221;\u00a0laver blandt andet kors, julekrybber og engle af oliventr\u00e6 (fra besk\u00e5rede grene\/planter) og genbrugsglas.<br \/>Fairtrade arbejder for menneskerettigheder, hensyn til milj\u00f8et og for at forbedre arbejds- og levevilk\u00e5rene i omr\u00e5der med udbredt fattigdom.<\/p>\n<hr \/>\n<p>Guaranteed Fair Trade Origin. This product have been sourced from HLHCS, a WFTO Guaranteed Fair Trade Enterprise.<\/p>\n","protected":false},"excerpt":{"rendered":"<p>Beskrivelse: Lille julekrybbe lavet af oliventr\u00e6 fra Betlehem.Til at stille eller h\u00e6ngeH\u00f8jde: 7,5 cm I landsbyen Beit Sahour (Hyrdernes Eng), lige \u00f8st for Bethlehem, er der et kooperativ med 35 familieejede v\u00e6rksteder. &#8220;Holy Land Handicraft Cooperative Society&#8221;\u00a0laver blandt andet kors, julekrybber og engle af oliventr\u00e6 (fra besk\u00e5rede grene\/planter) og genbrugsglas.Fairtrade arbejder for menneskerettigheder, hensyn til [&hellip;]<\/p>\n","protected":false},"featured_media":0,"comment_status":"closed","ping_status":"closed","template":"","meta":{"_acf_changed":false,"_et_pb_use_builder":"","_et_pb_old_content":"","_et_gb_content_width":""},"product_brand":[],"product_cat":[6232,6227],"product_tag":[],"class_list":{"0":"post-41527","1":"product","2":"type-product","3":"status-publish","5":"product_cat-borneling","6":"product_cat-julekrybber-og-figurer","8":"first","9":"instock","10":"taxable","11":"shipping-taxable","12":"purchasable","13":"product-type-simple"},"acf":[],"_links":{"self":[{"href":"https:\/\/gavermedmening.dk\/index.php?rest_route=\/wp\/v2\/product\/41527","targetHints":{"allow":["GET"]}}],"collection":[{"href":"https:\/\/gavermedmening.dk\/index.php?rest_route=\/wp\/v2\/product"}],"about":[{"href":"https:\/\/gavermedmening.dk\/index.php?rest_route=\/wp\/v2\/types\/product"}],"replies":[{"embeddable":true,"href":"https:\/\/gavermedmening.dk\/index.php?rest_route=%2Fwp%2Fv2%2Fcomments&post=41527"}],"wp:attachment":[{"href":"https:\/\/gavermedmening.dk\/index.php?rest_route=%2Fwp%2Fv2%2Fmedia&parent=41527"}],"wp:term":[{"taxonomy":"product_brand","embeddable":true,"href":"https:\/\/gavermedmening.dk\/index.php?rest_route=%2Fwp%2Fv2%2Fproduct_brand&post=41527"},{"taxonomy":"product_cat","embeddable":true,"href":"https:\/\/gavermedmening.dk\/index.php?rest_route=%2Fwp%2Fv2%2Fproduct_cat&post=41527"},{"taxonomy":"product_tag","embeddable":true,"href":"https:\/\/gavermedmening.dk\/index.php?rest_route=%2Fwp%2Fv2%2Fproduct_tag&post=41527"}],"curies":[{"name":"wp","href":"https:\/\/api.w.org\/{rel}","templated":true}]}}