{"id":41531,"date":"2024-06-27T13:12:54","date_gmt":"2024-06-27T13:12:54","guid":{"rendered":"https:\/\/gavermedmening.dk\/vare\/faarefamilie-til-krybbesaet\/"},"modified":"2024-10-25T15:10:03","modified_gmt":"2024-10-25T15:10:03","slug":"faarefamilie-til-krybbesaet","status":"publish","type":"product","link":"https:\/\/gavermedmening.dk\/?product=faarefamilie-til-krybbesaet","title":{"rendered":"F\u00e5refamilie til krybbes\u00e6t"},"content":{"rendered":"<p>Bem\u00e6rk at alle tre f\u00e5r er hvide<\/p>\n","protected":false},"excerpt":{"rendered":"<p>Bem\u00e6rk at alle tre f\u00e5r er hvide<\/p>\n","protected":false},"featured_media":0,"comment_status":"closed","ping_status":"closed","template":"","meta":{"_acf_changed":false,"_et_pb_use_builder":"","_et_pb_old_content":"","_et_gb_content_width":""},"product_brand":[],"product_cat":[6235,6227],"product_tag":[6236],"class_list":{"0":"post-41531","1":"product","2":"type-product","3":"status-publish","5":"product_cat-anne-beate-design","6":"product_cat-julekrybber-og-figurer","7":"product_tag-anne-beate-design","9":"first","10":"instock","11":"taxable","12":"shipping-taxable","13":"purchasable","14":"product-type-simple"},"acf":[],"_links":{"self":[{"href":"https:\/\/gavermedmening.dk\/index.php?rest_route=\/wp\/v2\/product\/41531","targetHints":{"allow":["GET"]}}],"collection":[{"href":"https:\/\/gavermedmening.dk\/index.php?rest_route=\/wp\/v2\/product"}],"about":[{"href":"https:\/\/gavermedmening.dk\/index.php?rest_route=\/wp\/v2\/types\/product"}],"replies":[{"embeddable":true,"href":"https:\/\/gavermedmening.dk\/index.php?rest_route=%2Fwp%2Fv2%2Fcomments&post=41531"}],"wp:attachment":[{"href":"https:\/\/gavermedmening.dk\/index.php?rest_route=%2Fwp%2Fv2%2Fmedia&parent=41531"}],"wp:term":[{"taxonomy":"product_brand","embeddable":true,"href":"https:\/\/gavermedmening.dk\/index.php?rest_route=%2Fwp%2Fv2%2Fproduct_brand&post=41531"},{"taxonomy":"product_cat","embeddable":true,"href":"https:\/\/gavermedmening.dk\/index.php?rest_route=%2Fwp%2Fv2%2Fproduct_cat&post=41531"},{"taxonomy":"product_tag","embeddable":true,"href":"https:\/\/gavermedmening.dk\/index.php?rest_route=%2Fwp%2Fv2%2Fproduct_tag&post=41531"}],"curies":[{"name":"wp","href":"https:\/\/api.w.org\/{rel}","templated":true}]}}