{"id":41537,"date":"2024-06-27T13:12:54","date_gmt":"2024-06-27T13:12:54","guid":{"rendered":"https:\/\/gavermedmening.dk\/vare\/de-hellige-tre-konger-haandmalede-med-lysholder\/"},"modified":"2024-10-25T15:10:19","modified_gmt":"2024-10-25T15:10:19","slug":"de-hellige-tre-konger-haandmalede-med-lysholder","status":"publish","type":"product","link":"https:\/\/gavermedmening.dk\/?product=de-hellige-tre-konger-haandmalede-med-lysholder","title":{"rendered":"De Hellige tre Konger &#8211; h\u00e5ndmalede med lysholder"},"content":{"rendered":"<p><strong>Beskrivelse:<\/strong><\/p>\n<p>Det h\u00e5ndmalede Hyrdes\u00e6t fra Anne Beate Design er en del af den store h\u00e5ndmalede krybbeboks-serie fra Anne Beate Design<\/p>\n","protected":false},"excerpt":{"rendered":"<p>Beskrivelse: Det h\u00e5ndmalede Hyrdes\u00e6t fra Anne Beate Design er en del af den store h\u00e5ndmalede krybbeboks-serie fra Anne Beate Design<\/p>\n","protected":false},"featured_media":0,"comment_status":"closed","ping_status":"closed","template":"","meta":{"_acf_changed":false,"_et_pb_use_builder":"","_et_pb_old_content":"","_et_gb_content_width":""},"product_brand":[],"product_cat":[6235,6227],"product_tag":[6236],"class_list":{"0":"post-41537","1":"product","2":"type-product","3":"status-publish","5":"product_cat-anne-beate-design","6":"product_cat-julekrybber-og-figurer","7":"product_tag-anne-beate-design","9":"first","10":"instock","11":"taxable","12":"shipping-taxable","13":"purchasable","14":"product-type-simple"},"acf":[],"_links":{"self":[{"href":"https:\/\/gavermedmening.dk\/index.php?rest_route=\/wp\/v2\/product\/41537","targetHints":{"allow":["GET"]}}],"collection":[{"href":"https:\/\/gavermedmening.dk\/index.php?rest_route=\/wp\/v2\/product"}],"about":[{"href":"https:\/\/gavermedmening.dk\/index.php?rest_route=\/wp\/v2\/types\/product"}],"replies":[{"embeddable":true,"href":"https:\/\/gavermedmening.dk\/index.php?rest_route=%2Fwp%2Fv2%2Fcomments&post=41537"}],"wp:attachment":[{"href":"https:\/\/gavermedmening.dk\/index.php?rest_route=%2Fwp%2Fv2%2Fmedia&parent=41537"}],"wp:term":[{"taxonomy":"product_brand","embeddable":true,"href":"https:\/\/gavermedmening.dk\/index.php?rest_route=%2Fwp%2Fv2%2Fproduct_brand&post=41537"},{"taxonomy":"product_cat","embeddable":true,"href":"https:\/\/gavermedmening.dk\/index.php?rest_route=%2Fwp%2Fv2%2Fproduct_cat&post=41537"},{"taxonomy":"product_tag","embeddable":true,"href":"https:\/\/gavermedmening.dk\/index.php?rest_route=%2Fwp%2Fv2%2Fproduct_tag&post=41537"}],"curies":[{"name":"wp","href":"https:\/\/api.w.org\/{rel}","templated":true}]}}