{"id":41546,"date":"2024-06-27T13:09:51","date_gmt":"2024-06-27T13:09:51","guid":{"rendered":"https:\/\/gavermedmening.dk\/vare\/haandmalet-krybbesaet\/"},"modified":"2024-10-25T15:10:32","modified_gmt":"2024-10-25T15:10:32","slug":"haandmalet-krybbesaet","status":"publish","type":"product","link":"https:\/\/gavermedmening.dk\/?product=haandmalet-krybbesaet","title":{"rendered":"H\u00e5ndmalet krybbes\u00e6t"},"content":{"rendered":"<p><strong>Beskrivelse:<\/strong><\/p>\n<p>Det klassiske h\u00e5ndmalede krybbes\u00e6t fra Anne Beate Design med Jesus i krybben, Maria og Josef &#8211; og et lille h\u00e5ndlavet f\u00e5r i \u00e6gte lammeskind<\/p>\n","protected":false},"excerpt":{"rendered":"<p>Beskrivelse: Det klassiske h\u00e5ndmalede krybbes\u00e6t fra Anne Beate Design med Jesus i krybben, Maria og Josef &#8211; og et lille h\u00e5ndlavet f\u00e5r i \u00e6gte lammeskind<\/p>\n","protected":false},"featured_media":0,"comment_status":"closed","ping_status":"closed","template":"","meta":{"_acf_changed":false,"_et_pb_use_builder":"","_et_pb_old_content":"","_et_gb_content_width":""},"product_brand":[],"product_cat":[6235,6227],"product_tag":[6236],"class_list":{"0":"post-41546","1":"product","2":"type-product","3":"status-publish","5":"product_cat-anne-beate-design","6":"product_cat-julekrybber-og-figurer","7":"product_tag-anne-beate-design","9":"first","10":"instock","11":"taxable","12":"shipping-taxable","13":"purchasable","14":"product-type-simple"},"acf":[],"_links":{"self":[{"href":"https:\/\/gavermedmening.dk\/index.php?rest_route=\/wp\/v2\/product\/41546","targetHints":{"allow":["GET"]}}],"collection":[{"href":"https:\/\/gavermedmening.dk\/index.php?rest_route=\/wp\/v2\/product"}],"about":[{"href":"https:\/\/gavermedmening.dk\/index.php?rest_route=\/wp\/v2\/types\/product"}],"replies":[{"embeddable":true,"href":"https:\/\/gavermedmening.dk\/index.php?rest_route=%2Fwp%2Fv2%2Fcomments&post=41546"}],"wp:attachment":[{"href":"https:\/\/gavermedmening.dk\/index.php?rest_route=%2Fwp%2Fv2%2Fmedia&parent=41546"}],"wp:term":[{"taxonomy":"product_brand","embeddable":true,"href":"https:\/\/gavermedmening.dk\/index.php?rest_route=%2Fwp%2Fv2%2Fproduct_brand&post=41546"},{"taxonomy":"product_cat","embeddable":true,"href":"https:\/\/gavermedmening.dk\/index.php?rest_route=%2Fwp%2Fv2%2Fproduct_cat&post=41546"},{"taxonomy":"product_tag","embeddable":true,"href":"https:\/\/gavermedmening.dk\/index.php?rest_route=%2Fwp%2Fv2%2Fproduct_tag&post=41546"}],"curies":[{"name":"wp","href":"https:\/\/api.w.org\/{rel}","templated":true}]}}