{"id":41705,"date":"2024-06-21T20:32:00","date_gmt":"2024-06-21T20:32:00","guid":{"rendered":"https:\/\/gavermedmening.dk\/vare\/engel-i-ahorn-med-hjerte-moderne-7-cm\/"},"modified":"2024-11-03T15:12:39","modified_gmt":"2024-11-03T15:12:39","slug":"engel-i-ahorn-med-hjerte-moderne-7-cm","status":"publish","type":"product","link":"https:\/\/gavermedmening.dk\/?product=engel-i-ahorn-med-hjerte-moderne-7-cm","title":{"rendered":"Engel i ahorn med hjerte &#8211; moderne &#8211; 7 cm"},"content":{"rendered":"<p><strong>Beskrivelse:<\/strong><\/p>\n<p>Moderne, udtryksfuld figur af en engel med et hjerte lavet af naturligt platantr\u00e6.<\/p>\n<p>Dette v\u00e6rdifulde h\u00e5rdttr\u00e6 bruges prim\u00e6rt til dreje- og udsk\u00e6ringsarbejde.<\/p>\n<p>Sycamore har et hvidt, nogle gange let gulligt tr\u00e6, der m\u00f8rkner meget langsomt.<\/p>\n<p>Fremstillet i Sydtyrol, hvor tr\u00e6udsk\u00e6ringer, is\u00e6r hellige figurer og julekrybbe, har v\u00e6ret en gennemg\u00e5ende tradition i omkring 300 \u00e5r.<\/p>\n<p>Det v\u00e6rdifulde kunsth\u00e5ndv\u00e6rk eksporteres over hele verden.<\/p>\n<p>En smuk personlig gave til mange lejligheder, smuk og lige til at give i gave.<\/p>\n<ul>\n<li>Materiale: tr\u00e6 (sycamore ahorn), naturlig<\/li>\n<li>F\u00e5s i 4 st\u00f8rrelser: 7cm, 10cm, 14cm, 20cm h\u00f8jde<\/li>\n<li>Figur fra et traditionelt tr\u00e6sk\u00e6rerfirma i Sydtyrol<\/li>\n<li>P\u00e6nt pakket i organzaposer (7 cm, 10 cm)<\/li>\n<\/ul>\n","protected":false},"excerpt":{"rendered":"<p>Beskrivelse: Moderne, udtryksfuld figur af en engel med et hjerte lavet af naturligt platantr\u00e6. Dette v\u00e6rdifulde h\u00e5rdttr\u00e6 bruges prim\u00e6rt til dreje- og udsk\u00e6ringsarbejde. Sycamore har et hvidt, nogle gange let gulligt tr\u00e6, der m\u00f8rkner meget langsomt. Fremstillet i Sydtyrol, hvor tr\u00e6udsk\u00e6ringer, is\u00e6r hellige figurer og julekrybbe, har v\u00e6ret en gennemg\u00e5ende tradition i omkring 300 \u00e5r. [&hellip;]<\/p>\n","protected":false},"featured_media":41706,"comment_status":"closed","ping_status":"closed","template":"","meta":{"_acf_changed":false,"_et_pb_use_builder":"","_et_pb_old_content":"","_et_gb_content_width":""},"product_brand":[],"product_cat":[6341,6227,6229],"product_tag":[],"class_list":{"0":"post-41705","1":"product","2":"type-product","3":"status-publish","4":"has-post-thumbnail","6":"product_cat-figurer","7":"product_cat-julekrybber-og-figurer","8":"product_cat-praisent","10":"first","11":"instock","12":"taxable","13":"shipping-taxable","14":"purchasable","15":"product-type-simple"},"acf":[],"_links":{"self":[{"href":"https:\/\/gavermedmening.dk\/index.php?rest_route=\/wp\/v2\/product\/41705","targetHints":{"allow":["GET"]}}],"collection":[{"href":"https:\/\/gavermedmening.dk\/index.php?rest_route=\/wp\/v2\/product"}],"about":[{"href":"https:\/\/gavermedmening.dk\/index.php?rest_route=\/wp\/v2\/types\/product"}],"replies":[{"embeddable":true,"href":"https:\/\/gavermedmening.dk\/index.php?rest_route=%2Fwp%2Fv2%2Fcomments&post=41705"}],"wp:featuredmedia":[{"embeddable":true,"href":"https:\/\/gavermedmening.dk\/index.php?rest_route=\/wp\/v2\/media\/41706"}],"wp:attachment":[{"href":"https:\/\/gavermedmening.dk\/index.php?rest_route=%2Fwp%2Fv2%2Fmedia&parent=41705"}],"wp:term":[{"taxonomy":"product_brand","embeddable":true,"href":"https:\/\/gavermedmening.dk\/index.php?rest_route=%2Fwp%2Fv2%2Fproduct_brand&post=41705"},{"taxonomy":"product_cat","embeddable":true,"href":"https:\/\/gavermedmening.dk\/index.php?rest_route=%2Fwp%2Fv2%2Fproduct_cat&post=41705"},{"taxonomy":"product_tag","embeddable":true,"href":"https:\/\/gavermedmening.dk\/index.php?rest_route=%2Fwp%2Fv2%2Fproduct_tag&post=41705"}],"curies":[{"name":"wp","href":"https:\/\/api.w.org\/{rel}","templated":true}]}}