{"id":41709,"date":"2024-06-21T20:30:31","date_gmt":"2024-06-21T20:30:31","guid":{"rendered":"https:\/\/gavermedmening.dk\/vare\/porcelaensengel-du-er-sendt-fra-himlen\/"},"modified":"2024-11-03T15:13:27","modified_gmt":"2024-11-03T15:13:27","slug":"porcelaensengel-du-er-sendt-fra-himlen","status":"publish","type":"product","link":"https:\/\/gavermedmening.dk\/?product=porcelaensengel-du-er-sendt-fra-himlen","title":{"rendered":"Porcel\u00e6nsengel &#8211; du er sendt fra himlen"},"content":{"rendered":"<p><strong>Beskrivelse:\u00a0<\/strong><br \/>Englefigur i porcel\u00e6n med guldfinish<\/p>\n<p>Leveres i en gylden metal\u00e6ske med gennemsigtigt l\u00e5g<\/p>\n<p>M\u00e5l: 4,5 x 4 cm.<\/p>\n","protected":false},"excerpt":{"rendered":"<p>Beskrivelse:\u00a0Englefigur i porcel\u00e6n med guldfinish Leveres i en gylden metal\u00e6ske med gennemsigtigt l\u00e5g M\u00e5l: 4,5 x 4 cm.<\/p>\n","protected":false},"featured_media":0,"comment_status":"closed","ping_status":"closed","template":"","meta":{"_acf_changed":false,"_et_pb_use_builder":"","_et_pb_old_content":"","_et_gb_content_width":""},"product_brand":[],"product_cat":[6246,6341,6227],"product_tag":[],"class_list":{"0":"post-41709","1":"product","2":"type-product","3":"status-publish","5":"product_cat-butzon","6":"product_cat-figurer","7":"product_cat-julekrybber-og-figurer","9":"first","10":"instock","11":"taxable","12":"shipping-taxable","13":"purchasable","14":"product-type-simple"},"acf":[],"_links":{"self":[{"href":"https:\/\/gavermedmening.dk\/index.php?rest_route=\/wp\/v2\/product\/41709","targetHints":{"allow":["GET"]}}],"collection":[{"href":"https:\/\/gavermedmening.dk\/index.php?rest_route=\/wp\/v2\/product"}],"about":[{"href":"https:\/\/gavermedmening.dk\/index.php?rest_route=\/wp\/v2\/types\/product"}],"replies":[{"embeddable":true,"href":"https:\/\/gavermedmening.dk\/index.php?rest_route=%2Fwp%2Fv2%2Fcomments&post=41709"}],"wp:attachment":[{"href":"https:\/\/gavermedmening.dk\/index.php?rest_route=%2Fwp%2Fv2%2Fmedia&parent=41709"}],"wp:term":[{"taxonomy":"product_brand","embeddable":true,"href":"https:\/\/gavermedmening.dk\/index.php?rest_route=%2Fwp%2Fv2%2Fproduct_brand&post=41709"},{"taxonomy":"product_cat","embeddable":true,"href":"https:\/\/gavermedmening.dk\/index.php?rest_route=%2Fwp%2Fv2%2Fproduct_cat&post=41709"},{"taxonomy":"product_tag","embeddable":true,"href":"https:\/\/gavermedmening.dk\/index.php?rest_route=%2Fwp%2Fv2%2Fproduct_tag&post=41709"}],"curies":[{"name":"wp","href":"https:\/\/api.w.org\/{rel}","templated":true}]}}