{"id":41717,"date":"2024-06-21T20:28:05","date_gmt":"2024-06-21T20:28:05","guid":{"rendered":"https:\/\/gavermedmening.dk\/vare\/bronzerelief-med-krybbe\/"},"modified":"2024-11-03T15:13:35","modified_gmt":"2024-11-03T15:13:35","slug":"bronzerelief-med-krybbe","status":"publish","type":"product","link":"https:\/\/gavermedmening.dk\/?product=bronzerelief-med-krybbe","title":{"rendered":"Bronzerelief med krybbe"},"content":{"rendered":"<p><strong>Beskrivelse:\u00a0<\/strong><br \/>M\u00e5l: 9 x 7 cm<\/p>\n<p>Til at st\u00e5<\/p>\n<p>I gave\u00e6ske<\/p>\n<p><span style=\"color: #ffffff;\">Kerstin Stark<\/span><\/p>\n","protected":false},"excerpt":{"rendered":"<p>Beskrivelse:\u00a0M\u00e5l: 9 x 7 cm Til at st\u00e5 I gave\u00e6ske Kerstin Stark<\/p>\n","protected":false},"featured_media":0,"comment_status":"closed","ping_status":"closed","template":"","meta":{"_acf_changed":false,"_et_pb_use_builder":"","_et_pb_old_content":"","_et_gb_content_width":""},"product_brand":[],"product_cat":[6246,6341,6227],"product_tag":[6250],"class_list":{"0":"post-41717","1":"product","2":"type-product","3":"status-publish","5":"product_cat-butzon","6":"product_cat-figurer","7":"product_cat-julekrybber-og-figurer","8":"product_tag-raimund-schmelter","10":"first","11":"instock","12":"taxable","13":"shipping-taxable","14":"purchasable","15":"product-type-simple"},"acf":[],"_links":{"self":[{"href":"https:\/\/gavermedmening.dk\/index.php?rest_route=\/wp\/v2\/product\/41717","targetHints":{"allow":["GET"]}}],"collection":[{"href":"https:\/\/gavermedmening.dk\/index.php?rest_route=\/wp\/v2\/product"}],"about":[{"href":"https:\/\/gavermedmening.dk\/index.php?rest_route=\/wp\/v2\/types\/product"}],"replies":[{"embeddable":true,"href":"https:\/\/gavermedmening.dk\/index.php?rest_route=%2Fwp%2Fv2%2Fcomments&post=41717"}],"wp:attachment":[{"href":"https:\/\/gavermedmening.dk\/index.php?rest_route=%2Fwp%2Fv2%2Fmedia&parent=41717"}],"wp:term":[{"taxonomy":"product_brand","embeddable":true,"href":"https:\/\/gavermedmening.dk\/index.php?rest_route=%2Fwp%2Fv2%2Fproduct_brand&post=41717"},{"taxonomy":"product_cat","embeddable":true,"href":"https:\/\/gavermedmening.dk\/index.php?rest_route=%2Fwp%2Fv2%2Fproduct_cat&post=41717"},{"taxonomy":"product_tag","embeddable":true,"href":"https:\/\/gavermedmening.dk\/index.php?rest_route=%2Fwp%2Fv2%2Fproduct_tag&post=41717"}],"curies":[{"name":"wp","href":"https:\/\/api.w.org\/{rel}","templated":true}]}}