{"id":41780,"date":"2024-06-26T22:10:36","date_gmt":"2024-06-26T22:10:36","guid":{"rendered":"https:\/\/gavermedmening.dk\/vare\/adventskalender-julekalender-i-en-stald-i-betlehem\/"},"modified":"2024-10-25T16:06:23","modified_gmt":"2024-10-25T16:06:23","slug":"adventskalender-julekalender-i-en-stald-i-betlehem","status":"publish","type":"product","link":"https:\/\/gavermedmening.dk\/?product=adventskalender-julekalender-i-en-stald-i-betlehem","title":{"rendered":"Adventskalender \/ julekalender: I en stald i Betlehem"},"content":{"rendered":"<p><strong>Forlagets omtale:<\/strong><\/p>\n<p>Denne advents- og julekalender-pakke best\u00e5r af<\/p>\n<p>1. En julekalender<\/p>\n<p>2. Bag hver af de 24 l\u00e5ger gemmer sig en magnetisk figur fra juleevangeliet<\/p>\n<p>3. Magnetisk panorama-plade med &#8220;Stalden i Betlehem&#8221;<\/p>\n<p>I l\u00f8bet af de 24 dage finder b\u00f8rnene hver dag en ny magnetisk figur bag l\u00e5gerne. Med disse kan de lege krybbespil eller opbygge et julekrybbe scenarie p\u00e5 den medf\u00f8lgende panoramaplade.<\/p>\n<p>S\u00e5vel kalender som panoramabillede kan h\u00e6nge p\u00e5 v\u00e6ggen. Panoramabilledet kan desuden st\u00e5 p\u00e5 bord eller hylde.<\/p>\n<p>P\u00e5 bagsiden er trykt en let forst\u00e5elig gengivelse af juleevangeliet.<\/p>\n<p>A3 format i kraftig karton<\/p>\n<p>OBS: Kan gemmes og &#8220;genbruges&#8221; \u00e5r efter \u00e5r!<\/p>\n","protected":false},"excerpt":{"rendered":"<p>Forlagets omtale: Denne advents- og julekalender-pakke best\u00e5r af 1. En julekalender 2. Bag hver af de 24 l\u00e5ger gemmer sig en magnetisk figur fra juleevangeliet 3. Magnetisk panorama-plade med &#8220;Stalden i Betlehem&#8221; I l\u00f8bet af de 24 dage finder b\u00f8rnene hver dag en ny magnetisk figur bag l\u00e5gerne. Med disse kan de lege krybbespil eller [&hellip;]<\/p>\n","protected":false},"featured_media":0,"comment_status":"closed","ping_status":"closed","template":"","meta":{"_acf_changed":false,"_et_pb_use_builder":"","_et_pb_old_content":"","_et_gb_content_width":""},"product_brand":[],"product_cat":[6244,6263],"product_tag":[],"class_list":{"0":"post-41780","1":"product","2":"type-product","3":"status-publish","5":"product_cat-jul-diverse","6":"product_cat-prorex","8":"first","9":"instock","10":"taxable","11":"shipping-taxable","12":"purchasable","13":"product-type-simple"},"acf":[],"_links":{"self":[{"href":"https:\/\/gavermedmening.dk\/index.php?rest_route=\/wp\/v2\/product\/41780","targetHints":{"allow":["GET"]}}],"collection":[{"href":"https:\/\/gavermedmening.dk\/index.php?rest_route=\/wp\/v2\/product"}],"about":[{"href":"https:\/\/gavermedmening.dk\/index.php?rest_route=\/wp\/v2\/types\/product"}],"replies":[{"embeddable":true,"href":"https:\/\/gavermedmening.dk\/index.php?rest_route=%2Fwp%2Fv2%2Fcomments&post=41780"}],"wp:attachment":[{"href":"https:\/\/gavermedmening.dk\/index.php?rest_route=%2Fwp%2Fv2%2Fmedia&parent=41780"}],"wp:term":[{"taxonomy":"product_brand","embeddable":true,"href":"https:\/\/gavermedmening.dk\/index.php?rest_route=%2Fwp%2Fv2%2Fproduct_brand&post=41780"},{"taxonomy":"product_cat","embeddable":true,"href":"https:\/\/gavermedmening.dk\/index.php?rest_route=%2Fwp%2Fv2%2Fproduct_cat&post=41780"},{"taxonomy":"product_tag","embeddable":true,"href":"https:\/\/gavermedmening.dk\/index.php?rest_route=%2Fwp%2Fv2%2Fproduct_tag&post=41780"}],"curies":[{"name":"wp","href":"https:\/\/api.w.org\/{rel}","templated":true}]}}