{"id":41797,"date":"2024-06-26T22:07:47","date_gmt":"2024-06-26T22:07:47","guid":{"rendered":"https:\/\/gavermedmening.dk\/vare\/det-store-juleloefte\/"},"modified":"2024-10-25T16:06:59","modified_gmt":"2024-10-25T16:06:59","slug":"det-store-juleloefte","status":"publish","type":"product","link":"https:\/\/gavermedmening.dk\/?product=det-store-juleloefte","title":{"rendered":"Det store julel\u00f8fte"},"content":{"rendered":"<p><strong>Forlagets omtale:<\/strong><\/p>\n<p>En fin lille julebog til b\u00f8rn med sk\u00f8nne illustrationer, som s\u00e6rligt egner sig til uddeling op til jul til de mindste.<\/p>\n<p>F\u00f8lg Maria og Josef, en flok hyrder, nogle vise m\u00e6nd og en hel masse engle, og find ud af, hvordan Gud holdt sit STORE JULEL\u00d8FTE.<\/p>\n<p>\u00a0<\/p>\n","protected":false},"excerpt":{"rendered":"<p>Forlagets omtale: En fin lille julebog til b\u00f8rn med sk\u00f8nne illustrationer, som s\u00e6rligt egner sig til uddeling op til jul til de mindste. F\u00f8lg Maria og Josef, en flok hyrder, nogle vise m\u00e6nd og en hel masse engle, og find ud af, hvordan Gud holdt sit STORE JULEL\u00d8FTE. \u00a0<\/p>\n","protected":false},"featured_media":0,"comment_status":"closed","ping_status":"closed","template":"","meta":{"_acf_changed":false,"_et_pb_use_builder":"","_et_pb_old_content":"","_et_gb_content_width":""},"product_brand":[],"product_cat":[6244,6266],"product_tag":[6267],"class_list":{"0":"post-41797","1":"product","2":"type-product","3":"status-publish","5":"product_cat-jul-diverse","6":"product_cat-lohses-forlag","7":"product_tag-alison-mitchell-catalina-echeve","9":"first","10":"instock","11":"taxable","12":"shipping-taxable","13":"purchasable","14":"product-type-simple"},"acf":[],"_links":{"self":[{"href":"https:\/\/gavermedmening.dk\/index.php?rest_route=\/wp\/v2\/product\/41797","targetHints":{"allow":["GET"]}}],"collection":[{"href":"https:\/\/gavermedmening.dk\/index.php?rest_route=\/wp\/v2\/product"}],"about":[{"href":"https:\/\/gavermedmening.dk\/index.php?rest_route=\/wp\/v2\/types\/product"}],"replies":[{"embeddable":true,"href":"https:\/\/gavermedmening.dk\/index.php?rest_route=%2Fwp%2Fv2%2Fcomments&post=41797"}],"wp:attachment":[{"href":"https:\/\/gavermedmening.dk\/index.php?rest_route=%2Fwp%2Fv2%2Fmedia&parent=41797"}],"wp:term":[{"taxonomy":"product_brand","embeddable":true,"href":"https:\/\/gavermedmening.dk\/index.php?rest_route=%2Fwp%2Fv2%2Fproduct_brand&post=41797"},{"taxonomy":"product_cat","embeddable":true,"href":"https:\/\/gavermedmening.dk\/index.php?rest_route=%2Fwp%2Fv2%2Fproduct_cat&post=41797"},{"taxonomy":"product_tag","embeddable":true,"href":"https:\/\/gavermedmening.dk\/index.php?rest_route=%2Fwp%2Fv2%2Fproduct_tag&post=41797"}],"curies":[{"name":"wp","href":"https:\/\/api.w.org\/{rel}","templated":true}]}}