{"id":41940,"date":"2024-06-26T22:48:15","date_gmt":"2024-06-26T21:48:15","guid":{"rendered":"https:\/\/gavermedmening.dk\/vare\/da-tiden-gik-i-staa\/"},"modified":"2024-10-25T16:28:52","modified_gmt":"2024-10-25T16:28:52","slug":"da-tiden-gik-i-staa","status":"publish","type":"product","link":"https:\/\/gavermedmening.dk\/?product=da-tiden-gik-i-staa","title":{"rendered":"Da tiden gik i st\u00e5"},"content":{"rendered":"<p><strong>Forlagets omtale:\u00a0<\/strong><br \/>En julebog for de mindste om Mathilde, der synes, det er sv\u00e6rt at finde julestemningen, n\u00e5r alle har travlt. Det er december m\u00e5ned, juleaften er lige rundt om hj\u00f8rnet, og hjemme hos Mathilde skal man skynde sig for at n\u00e5 det hele. Klokken bliver gang p\u00e5 gang for mange, og de skal skynde sig med at blive f\u00e6rdige, med at finde de forsvundne dykkerbriller, med at komme i b\u00f8rnehaven, med at f\u00e5 k\u00f8bt en julegave til mor. ? Henne i b\u00f8rnehaven h\u00f8rer de om Jesusbarnet, der bliver f\u00f8dt julenat. Mathilde synes, det lyder, som om tiden er g\u00e5et i st\u00e5 julenat, og det \u00f8nsker hun sig ogs\u00e5 for sin egen jul. Bogen er skrevet til b\u00f8rn i alderen 3-6 \u00e5r og er illustreret af Lea Let\u00e9n.<\/p>\n<p><span style=\"color: #ffffff;\">Ole Bjerglund Thomsen<\/span><\/p>\n","protected":false},"excerpt":{"rendered":"<p>Forlagets omtale:\u00a0En julebog for de mindste om Mathilde, der synes, det er sv\u00e6rt at finde julestemningen, n\u00e5r alle har travlt. Det er december m\u00e5ned, juleaften er lige rundt om hj\u00f8rnet, og hjemme hos Mathilde skal man skynde sig for at n\u00e5 det hele. Klokken bliver gang p\u00e5 gang for mange, og de skal skynde sig [&hellip;]<\/p>\n","protected":false},"featured_media":0,"comment_status":"closed","ping_status":"closed","template":"","meta":{"_acf_changed":false,"_et_pb_use_builder":"","_et_pb_old_content":"","_et_gb_content_width":""},"product_brand":[],"product_cat":[6244],"product_tag":[6273],"class_list":{"0":"post-41940","1":"product","2":"type-product","3":"status-publish","5":"product_cat-jul-diverse","6":"product_tag-ole-bjerglund-thomsen","8":"first","9":"instock","10":"taxable","11":"shipping-taxable","12":"purchasable","13":"product-type-simple"},"acf":[],"_links":{"self":[{"href":"https:\/\/gavermedmening.dk\/index.php?rest_route=\/wp\/v2\/product\/41940","targetHints":{"allow":["GET"]}}],"collection":[{"href":"https:\/\/gavermedmening.dk\/index.php?rest_route=\/wp\/v2\/product"}],"about":[{"href":"https:\/\/gavermedmening.dk\/index.php?rest_route=\/wp\/v2\/types\/product"}],"replies":[{"embeddable":true,"href":"https:\/\/gavermedmening.dk\/index.php?rest_route=%2Fwp%2Fv2%2Fcomments&post=41940"}],"wp:attachment":[{"href":"https:\/\/gavermedmening.dk\/index.php?rest_route=%2Fwp%2Fv2%2Fmedia&parent=41940"}],"wp:term":[{"taxonomy":"product_brand","embeddable":true,"href":"https:\/\/gavermedmening.dk\/index.php?rest_route=%2Fwp%2Fv2%2Fproduct_brand&post=41940"},{"taxonomy":"product_cat","embeddable":true,"href":"https:\/\/gavermedmening.dk\/index.php?rest_route=%2Fwp%2Fv2%2Fproduct_cat&post=41940"},{"taxonomy":"product_tag","embeddable":true,"href":"https:\/\/gavermedmening.dk\/index.php?rest_route=%2Fwp%2Fv2%2Fproduct_tag&post=41940"}],"curies":[{"name":"wp","href":"https:\/\/api.w.org\/{rel}","templated":true}]}}