{"id":41941,"date":"2024-06-26T22:48:15","date_gmt":"2024-06-26T21:48:15","guid":{"rendered":"https:\/\/gavermedmening.dk\/vare\/den-foerste-jul-klar-parat-find\/"},"modified":"2024-10-25T16:28:57","modified_gmt":"2024-10-25T16:28:57","slug":"den-foerste-jul-klar-parat-find","status":"publish","type":"product","link":"https:\/\/gavermedmening.dk\/?product=den-foerste-jul-klar-parat-find","title":{"rendered":"Den f\u00f8rste jul &#8211; klar, parat, find"},"content":{"rendered":"<p><strong>Forlagets omtale:\u00a0<\/strong><br \/>Kan du finde&#8230;. <br \/>Dette er en b\u00f8rnebog, som minder lidt om konceptet &#8220;Find Holger&#8221; &#8211; blot i en udgave for de mindre b\u00f8rn. <br \/>Her f\u00f8lger vi Maria og Josef p\u00e5 deres vej til Betlehem. De har travlt, fordi Maria snart skal f\u00f8de Jesusbarnet, og de har for hj\u00e6lp til at finde en masse ting undervejs. S\u00e5 lad dit barn blive klar, parat &#8211; til af finde tingene i historien om den f\u00f8rste jul.<\/p>\n<p><span style=\"color: #ffffff;\">Vanessa Carroll, Ill. Sandrine L&#8217;amour<\/span><\/p>\n","protected":false},"excerpt":{"rendered":"<p>Forlagets omtale:\u00a0Kan du finde&#8230;. Dette er en b\u00f8rnebog, som minder lidt om konceptet &#8220;Find Holger&#8221; &#8211; blot i en udgave for de mindre b\u00f8rn. Her f\u00f8lger vi Maria og Josef p\u00e5 deres vej til Betlehem. De har travlt, fordi Maria snart skal f\u00f8de Jesusbarnet, og de har for hj\u00e6lp til at finde en masse ting [&hellip;]<\/p>\n","protected":false},"featured_media":0,"comment_status":"closed","ping_status":"closed","template":"","meta":{"_acf_changed":false,"_et_pb_use_builder":"","_et_pb_old_content":"","_et_gb_content_width":""},"product_brand":[],"product_cat":[6244],"product_tag":[6274],"class_list":{"0":"post-41941","1":"product","2":"type-product","3":"status-publish","5":"product_cat-jul-diverse","6":"product_tag-vanessa-carroll-ill-sandrine-l","8":"first","9":"instock","10":"taxable","11":"shipping-taxable","12":"purchasable","13":"product-type-simple"},"acf":[],"_links":{"self":[{"href":"https:\/\/gavermedmening.dk\/index.php?rest_route=\/wp\/v2\/product\/41941","targetHints":{"allow":["GET"]}}],"collection":[{"href":"https:\/\/gavermedmening.dk\/index.php?rest_route=\/wp\/v2\/product"}],"about":[{"href":"https:\/\/gavermedmening.dk\/index.php?rest_route=\/wp\/v2\/types\/product"}],"replies":[{"embeddable":true,"href":"https:\/\/gavermedmening.dk\/index.php?rest_route=%2Fwp%2Fv2%2Fcomments&post=41941"}],"wp:attachment":[{"href":"https:\/\/gavermedmening.dk\/index.php?rest_route=%2Fwp%2Fv2%2Fmedia&parent=41941"}],"wp:term":[{"taxonomy":"product_brand","embeddable":true,"href":"https:\/\/gavermedmening.dk\/index.php?rest_route=%2Fwp%2Fv2%2Fproduct_brand&post=41941"},{"taxonomy":"product_cat","embeddable":true,"href":"https:\/\/gavermedmening.dk\/index.php?rest_route=%2Fwp%2Fv2%2Fproduct_cat&post=41941"},{"taxonomy":"product_tag","embeddable":true,"href":"https:\/\/gavermedmening.dk\/index.php?rest_route=%2Fwp%2Fv2%2Fproduct_tag&post=41941"}],"curies":[{"name":"wp","href":"https:\/\/api.w.org\/{rel}","templated":true}]}}