{"id":41944,"date":"2024-06-21T09:41:03","date_gmt":"2024-06-21T08:41:03","guid":{"rendered":"https:\/\/gavermedmening.dk\/vare\/gavepose-jul-for-you-lille\/"},"modified":"2024-10-25T16:29:09","modified_gmt":"2024-10-25T16:29:09","slug":"gavepose-jul-for-you-lille","status":"publish","type":"product","link":"https:\/\/gavermedmening.dk\/?product=gavepose-jul-for-you-lille","title":{"rendered":"Gavepose &#8211; jul &#8211; for you &#8211; lille"},"content":{"rendered":"<p><strong>Beskrivelse:<\/strong><\/p>\n<p>Kvaliteten af disse poser afspejles i h\u00f8jkvalitets-h\u00e5ndv\u00e6rket, den matchende farvede indvendige laminering og koordinerede stropfarver.<\/p>\n<p>Poserne er matte eller blanke, og nogle er forfinet med guldtryk eller tekstureret papir.<\/p>\n<p>St\u00f8rrelse: 14 x 11 cm<\/p>\n","protected":false},"excerpt":{"rendered":"<p>Beskrivelse: Kvaliteten af disse poser afspejles i h\u00f8jkvalitets-h\u00e5ndv\u00e6rket, den matchende farvede indvendige laminering og koordinerede stropfarver. Poserne er matte eller blanke, og nogle er forfinet med guldtryk eller tekstureret papir. St\u00f8rrelse: 14 x 11 cm<\/p>\n","protected":false},"featured_media":0,"comment_status":"closed","ping_status":"closed","template":"","meta":{"_acf_changed":false,"_et_pb_use_builder":"","_et_pb_old_content":"","_et_gb_content_width":""},"product_brand":[],"product_cat":[6244,6262,6275],"product_tag":[],"class_list":{"0":"post-41944","1":"product","2":"type-product","3":"status-publish","5":"product_cat-jul-diverse","6":"product_cat-hartung","7":"product_cat-indpakning","9":"first","10":"instock","11":"taxable","12":"shipping-taxable","13":"purchasable","14":"product-type-simple"},"acf":[],"_links":{"self":[{"href":"https:\/\/gavermedmening.dk\/index.php?rest_route=\/wp\/v2\/product\/41944","targetHints":{"allow":["GET"]}}],"collection":[{"href":"https:\/\/gavermedmening.dk\/index.php?rest_route=\/wp\/v2\/product"}],"about":[{"href":"https:\/\/gavermedmening.dk\/index.php?rest_route=\/wp\/v2\/types\/product"}],"replies":[{"embeddable":true,"href":"https:\/\/gavermedmening.dk\/index.php?rest_route=%2Fwp%2Fv2%2Fcomments&post=41944"}],"wp:attachment":[{"href":"https:\/\/gavermedmening.dk\/index.php?rest_route=%2Fwp%2Fv2%2Fmedia&parent=41944"}],"wp:term":[{"taxonomy":"product_brand","embeddable":true,"href":"https:\/\/gavermedmening.dk\/index.php?rest_route=%2Fwp%2Fv2%2Fproduct_brand&post=41944"},{"taxonomy":"product_cat","embeddable":true,"href":"https:\/\/gavermedmening.dk\/index.php?rest_route=%2Fwp%2Fv2%2Fproduct_cat&post=41944"},{"taxonomy":"product_tag","embeddable":true,"href":"https:\/\/gavermedmening.dk\/index.php?rest_route=%2Fwp%2Fv2%2Fproduct_tag&post=41944"}],"curies":[{"name":"wp","href":"https:\/\/api.w.org\/{rel}","templated":true}]}}