{"id":41965,"date":"2024-06-27T15:47:40","date_gmt":"2024-06-27T14:47:40","guid":{"rendered":"https:\/\/gavermedmening.dk\/vare\/krus-joy-love-peace\/"},"modified":"2024-10-25T16:45:12","modified_gmt":"2024-10-25T16:45:12","slug":"krus-joy-love-peace","status":"publish","type":"product","link":"https:\/\/gavermedmening.dk\/?product=krus-joy-love-peace","title":{"rendered":"Krus &#8211; Joy, Love, Peace"},"content":{"rendered":"<p><strong>Beskrivelse:<\/strong><\/p>\n<p>Fremstillet i porcel\u00e6n, koph\u00f8jde ca 10 cm, ca 0,35 l.<\/p>\n<p>T\u00e5ler opvaskemaskine, pakket i matchende gave\u00e6ske.<\/p>\n<p>Tip: Fyld med hjemmelavede kiks, n\u00f8dder, din yndlingste eller varm chokolade og pak dem p\u00e6nt ind.<\/p>\n<p>Gave\u00e6sken er velegnet til at samle sm\u00e5ting, fx julepynt til at opbevare til n\u00e6ste s\u00e6son.<\/p>\n","protected":false},"excerpt":{"rendered":"<p>Beskrivelse: Fremstillet i porcel\u00e6n, koph\u00f8jde ca 10 cm, ca 0,35 l. T\u00e5ler opvaskemaskine, pakket i matchende gave\u00e6ske. Tip: Fyld med hjemmelavede kiks, n\u00f8dder, din yndlingste eller varm chokolade og pak dem p\u00e6nt ind. Gave\u00e6sken er velegnet til at samle sm\u00e5ting, fx julepynt til at opbevare til n\u00e6ste s\u00e6son.<\/p>\n","protected":false},"featured_media":0,"comment_status":"closed","ping_status":"closed","template":"","meta":{"_acf_changed":false,"_et_pb_use_builder":"","_et_pb_old_content":"","_et_gb_content_width":""},"product_brand":[],"product_cat":[6229,6281],"product_tag":[],"class_list":{"0":"post-41965","1":"product","2":"type-product","3":"status-publish","5":"product_cat-praisent","6":"product_cat-til-hjemmet-jul","8":"first","9":"instock","10":"taxable","11":"shipping-taxable","12":"purchasable","13":"product-type-simple"},"acf":[],"_links":{"self":[{"href":"https:\/\/gavermedmening.dk\/index.php?rest_route=\/wp\/v2\/product\/41965","targetHints":{"allow":["GET"]}}],"collection":[{"href":"https:\/\/gavermedmening.dk\/index.php?rest_route=\/wp\/v2\/product"}],"about":[{"href":"https:\/\/gavermedmening.dk\/index.php?rest_route=\/wp\/v2\/types\/product"}],"replies":[{"embeddable":true,"href":"https:\/\/gavermedmening.dk\/index.php?rest_route=%2Fwp%2Fv2%2Fcomments&post=41965"}],"wp:attachment":[{"href":"https:\/\/gavermedmening.dk\/index.php?rest_route=%2Fwp%2Fv2%2Fmedia&parent=41965"}],"wp:term":[{"taxonomy":"product_brand","embeddable":true,"href":"https:\/\/gavermedmening.dk\/index.php?rest_route=%2Fwp%2Fv2%2Fproduct_brand&post=41965"},{"taxonomy":"product_cat","embeddable":true,"href":"https:\/\/gavermedmening.dk\/index.php?rest_route=%2Fwp%2Fv2%2Fproduct_cat&post=41965"},{"taxonomy":"product_tag","embeddable":true,"href":"https:\/\/gavermedmening.dk\/index.php?rest_route=%2Fwp%2Fv2%2Fproduct_tag&post=41965"}],"curies":[{"name":"wp","href":"https:\/\/api.w.org\/{rel}","templated":true}]}}