{"id":41979,"date":"2024-06-27T15:43:45","date_gmt":"2024-06-27T14:43:45","guid":{"rendered":"https:\/\/gavermedmening.dk\/vare\/3-smaa-engle-metallic\/"},"modified":"2024-10-25T16:46:01","modified_gmt":"2024-10-25T16:46:01","slug":"3-smaa-engle-metallic","status":"publish","type":"product","link":"https:\/\/gavermedmening.dk\/?product=3-smaa-engle-metallic","title":{"rendered":"3 sm\u00e5 engle metallic"},"content":{"rendered":"<p><strong>Beskrivelse:<\/strong><\/p>\n<p>Tre sm\u00e5 lykkeengle i metal-farver, bronze, s\u00f8lv og guld. Fine at dekorere med eller hvorfor ikke give en gave til en, du holder af?<\/p>\n<p>Hver engel er h\u00e5ndmalet, s\u00e5 der kan v\u00e6re uoverensstemmelser mellem billede og produkt, hvert produkt er unikt.<\/p>\n<p>H\u00f8jde: 4 cm<\/p>\n<p><strong>Designer<\/strong>:\u00a0Ruth Vetter<\/p>\n","protected":false},"excerpt":{"rendered":"<p>Beskrivelse: Tre sm\u00e5 lykkeengle i metal-farver, bronze, s\u00f8lv og guld. Fine at dekorere med eller hvorfor ikke give en gave til en, du holder af? Hver engel er h\u00e5ndmalet, s\u00e5 der kan v\u00e6re uoverensstemmelser mellem billede og produkt, hvert produkt er unikt. H\u00f8jde: 4 cm Designer:\u00a0Ruth Vetter<\/p>\n","protected":false},"featured_media":41980,"comment_status":"closed","ping_status":"closed","template":"","meta":{"_acf_changed":false,"_et_pb_use_builder":"","_et_pb_old_content":"","_et_gb_content_width":""},"product_brand":[],"product_cat":[6283,6281],"product_tag":[6284],"class_list":{"0":"post-41979","1":"product","2":"type-product","3":"status-publish","4":"has-post-thumbnail","6":"product_cat-ngg","7":"product_cat-til-hjemmet-jul","8":"product_tag-ruth-vetter","10":"first","11":"instock","12":"taxable","13":"shipping-taxable","14":"purchasable","15":"product-type-simple"},"acf":[],"_links":{"self":[{"href":"https:\/\/gavermedmening.dk\/index.php?rest_route=\/wp\/v2\/product\/41979","targetHints":{"allow":["GET"]}}],"collection":[{"href":"https:\/\/gavermedmening.dk\/index.php?rest_route=\/wp\/v2\/product"}],"about":[{"href":"https:\/\/gavermedmening.dk\/index.php?rest_route=\/wp\/v2\/types\/product"}],"replies":[{"embeddable":true,"href":"https:\/\/gavermedmening.dk\/index.php?rest_route=%2Fwp%2Fv2%2Fcomments&post=41979"}],"wp:featuredmedia":[{"embeddable":true,"href":"https:\/\/gavermedmening.dk\/index.php?rest_route=\/wp\/v2\/media\/41980"}],"wp:attachment":[{"href":"https:\/\/gavermedmening.dk\/index.php?rest_route=%2Fwp%2Fv2%2Fmedia&parent=41979"}],"wp:term":[{"taxonomy":"product_brand","embeddable":true,"href":"https:\/\/gavermedmening.dk\/index.php?rest_route=%2Fwp%2Fv2%2Fproduct_brand&post=41979"},{"taxonomy":"product_cat","embeddable":true,"href":"https:\/\/gavermedmening.dk\/index.php?rest_route=%2Fwp%2Fv2%2Fproduct_cat&post=41979"},{"taxonomy":"product_tag","embeddable":true,"href":"https:\/\/gavermedmening.dk\/index.php?rest_route=%2Fwp%2Fv2%2Fproduct_tag&post=41979"}],"curies":[{"name":"wp","href":"https:\/\/api.w.org\/{rel}","templated":true}]}}