{"id":41994,"date":"2024-06-27T15:42:15","date_gmt":"2024-06-27T14:42:15","guid":{"rendered":"https:\/\/gavermedmening.dk\/vare\/lysglobe-roed-frost-med-hjerteudskaering\/"},"modified":"2024-10-25T16:46:52","modified_gmt":"2024-10-25T16:46:52","slug":"lysglobe-roed-frost-med-hjerteudskaering","status":"publish","type":"product","link":"https:\/\/gavermedmening.dk\/?product=lysglobe-roed-frost-med-hjerteudskaering","title":{"rendered":"Lysglobe &#8211; r\u00f8d, frost med hjerteudsk\u00e6ring"},"content":{"rendered":"<p><strong>Beskrivelse:<\/strong><\/p>\n<p>R\u00f8d, frostet glasglobe til fyrfadslys med metalindsats der har hjerteudsk\u00e6ringer som giver smukt r\u00f8dt &#8220;hjertelys&#8221;<\/p>\n<p>11 cm i diameter<\/p>\n","protected":false},"excerpt":{"rendered":"<p>Beskrivelse: R\u00f8d, frostet glasglobe til fyrfadslys med metalindsats der har hjerteudsk\u00e6ringer som giver smukt r\u00f8dt &#8220;hjertelys&#8221; 11 cm i diameter<\/p>\n","protected":false},"featured_media":41995,"comment_status":"closed","ping_status":"closed","template":"","meta":{"_acf_changed":false,"_et_pb_use_builder":"","_et_pb_old_content":"","_et_gb_content_width":""},"product_brand":[],"product_cat":[6285,6281],"product_tag":[],"class_list":{"0":"post-41994","1":"product","2":"type-product","3":"status-publish","4":"has-post-thumbnail","6":"product_cat-henriques","7":"product_cat-til-hjemmet-jul","9":"first","10":"instock","11":"taxable","12":"shipping-taxable","13":"purchasable","14":"product-type-simple"},"acf":[],"_links":{"self":[{"href":"https:\/\/gavermedmening.dk\/index.php?rest_route=\/wp\/v2\/product\/41994","targetHints":{"allow":["GET"]}}],"collection":[{"href":"https:\/\/gavermedmening.dk\/index.php?rest_route=\/wp\/v2\/product"}],"about":[{"href":"https:\/\/gavermedmening.dk\/index.php?rest_route=\/wp\/v2\/types\/product"}],"replies":[{"embeddable":true,"href":"https:\/\/gavermedmening.dk\/index.php?rest_route=%2Fwp%2Fv2%2Fcomments&post=41994"}],"wp:featuredmedia":[{"embeddable":true,"href":"https:\/\/gavermedmening.dk\/index.php?rest_route=\/wp\/v2\/media\/41995"}],"wp:attachment":[{"href":"https:\/\/gavermedmening.dk\/index.php?rest_route=%2Fwp%2Fv2%2Fmedia&parent=41994"}],"wp:term":[{"taxonomy":"product_brand","embeddable":true,"href":"https:\/\/gavermedmening.dk\/index.php?rest_route=%2Fwp%2Fv2%2Fproduct_brand&post=41994"},{"taxonomy":"product_cat","embeddable":true,"href":"https:\/\/gavermedmening.dk\/index.php?rest_route=%2Fwp%2Fv2%2Fproduct_cat&post=41994"},{"taxonomy":"product_tag","embeddable":true,"href":"https:\/\/gavermedmening.dk\/index.php?rest_route=%2Fwp%2Fv2%2Fproduct_tag&post=41994"}],"curies":[{"name":"wp","href":"https:\/\/api.w.org\/{rel}","templated":true}]}}