{"id":42086,"date":"2024-06-26T20:09:10","date_gmt":"2024-06-26T20:09:10","guid":{"rendered":"https:\/\/gavermedmening.dk\/vare\/bloklys-joy-love-peace\/"},"modified":"2024-12-26T12:01:47","modified_gmt":"2024-12-26T12:01:47","slug":"bloklys-joy-love-peace","status":"publish","type":"product","link":"https:\/\/gavermedmening.dk\/?product=bloklys-joy-love-peace","title":{"rendered":"Bloklys &#8211; Joy, Love, Peace"},"content":{"rendered":"<p><strong>Beskrivelse:<\/strong><\/p>\n<p>Afrunder enhver borddekoration f\u00f8r jul: smukt hvidt lys med et allround-motiv Joy Love Peace.<\/p>\n<p>Tip: Rigtig flot lys til adventsarrangement eller adventskransen. Sammen med vores nye juletr\u00e6skugle (varen prai9031) en sk\u00f8n adventsdekoration.<\/p>\n<p>Eller bare arrangerer dem p\u00e5 en bakke med grangrene og andet dekorativt materiale &#8211; et blikfang i et hus, der er pyntet til jul.<\/p>\n<p>H\u00f8jde 12 cm, \u00f8 5 cm, pakket i papkasse.<\/p>\n<p>Fra en tysk stearinlysfabrikant<\/p>\n","protected":false},"excerpt":{"rendered":"<p>Beskrivelse: Afrunder enhver borddekoration f\u00f8r jul: smukt hvidt lys med et allround-motiv Joy Love Peace. Tip: Rigtig flot lys til adventsarrangement eller adventskransen. Sammen med vores nye juletr\u00e6skugle (varen prai9031) en sk\u00f8n adventsdekoration. Eller bare arrangerer dem p\u00e5 en bakke med grangrene og andet dekorativt materiale &#8211; et blikfang i et hus, der er pyntet [&hellip;]<\/p>\n","protected":false},"featured_media":0,"comment_status":"closed","ping_status":"closed","template":"","meta":{"_acf_changed":false,"_et_pb_use_builder":"","_et_pb_old_content":"","_et_gb_content_width":""},"product_brand":[],"product_cat":[6453,6229,6288],"product_tag":[],"class_list":{"0":"post-42086","1":"product","2":"type-product","3":"status-publish","5":"product_cat-lys-til-jul","6":"product_cat-praisent","7":"product_cat-stearinlys","9":"first","10":"instock","11":"taxable","12":"shipping-taxable","13":"purchasable","14":"product-type-simple"},"acf":[],"_links":{"self":[{"href":"https:\/\/gavermedmening.dk\/index.php?rest_route=\/wp\/v2\/product\/42086","targetHints":{"allow":["GET"]}}],"collection":[{"href":"https:\/\/gavermedmening.dk\/index.php?rest_route=\/wp\/v2\/product"}],"about":[{"href":"https:\/\/gavermedmening.dk\/index.php?rest_route=\/wp\/v2\/types\/product"}],"replies":[{"embeddable":true,"href":"https:\/\/gavermedmening.dk\/index.php?rest_route=%2Fwp%2Fv2%2Fcomments&post=42086"}],"wp:attachment":[{"href":"https:\/\/gavermedmening.dk\/index.php?rest_route=%2Fwp%2Fv2%2Fmedia&parent=42086"}],"wp:term":[{"taxonomy":"product_brand","embeddable":true,"href":"https:\/\/gavermedmening.dk\/index.php?rest_route=%2Fwp%2Fv2%2Fproduct_brand&post=42086"},{"taxonomy":"product_cat","embeddable":true,"href":"https:\/\/gavermedmening.dk\/index.php?rest_route=%2Fwp%2Fv2%2Fproduct_cat&post=42086"},{"taxonomy":"product_tag","embeddable":true,"href":"https:\/\/gavermedmening.dk\/index.php?rest_route=%2Fwp%2Fv2%2Fproduct_tag&post=42086"}],"curies":[{"name":"wp","href":"https:\/\/api.w.org\/{rel}","templated":true}]}}