{"id":42087,"date":"2024-06-26T20:09:10","date_gmt":"2024-06-26T20:09:10","guid":{"rendered":"https:\/\/gavermedmening.dk\/vare\/bloklys-engel-soelv\/"},"modified":"2024-12-26T12:02:16","modified_gmt":"2024-12-26T12:02:16","slug":"bloklys-engel-soelv","status":"publish","type":"product","link":"https:\/\/gavermedmening.dk\/?product=bloklys-engel-soelv","title":{"rendered":"Bloklys &#8211; Engel &#8211; s\u00f8lv"},"content":{"rendered":"<p><strong>Beskrivelse:<\/strong><\/p>\n<p>Julelys engel s\u00f8lv, en smuk dekoration.<\/p>\n<p>H\u00e5ndp\u00e5f\u00f8rte applikationer p\u00e5 hvidt lys.<\/p>\n<p>En v\u00e6rdifuld opm\u00e6rksomhed at give v\u00e6k i adventstiden.<\/p>\n<p>Levering i \u00e6ske<\/p>\n<p>Materiale: voks<br \/>St\u00f8rrelse: ca h 14 cm, d 5 cm<br \/>H\u00e5ndlavet fra en tysk stearinlysproducent<\/p>\n","protected":false},"excerpt":{"rendered":"<p>Beskrivelse: Julelys engel s\u00f8lv, en smuk dekoration. H\u00e5ndp\u00e5f\u00f8rte applikationer p\u00e5 hvidt lys. En v\u00e6rdifuld opm\u00e6rksomhed at give v\u00e6k i adventstiden. Levering i \u00e6ske Materiale: voksSt\u00f8rrelse: ca h 14 cm, d 5 cmH\u00e5ndlavet fra en tysk stearinlysproducent<\/p>\n","protected":false},"featured_media":0,"comment_status":"closed","ping_status":"closed","template":"","meta":{"_acf_changed":false,"_et_pb_use_builder":"","_et_pb_old_content":"","_et_gb_content_width":""},"product_brand":[],"product_cat":[6453,6229,6288],"product_tag":[],"class_list":{"0":"post-42087","1":"product","2":"type-product","3":"status-publish","5":"product_cat-lys-til-jul","6":"product_cat-praisent","7":"product_cat-stearinlys","9":"first","10":"instock","11":"taxable","12":"shipping-taxable","13":"purchasable","14":"product-type-simple"},"acf":[],"_links":{"self":[{"href":"https:\/\/gavermedmening.dk\/index.php?rest_route=\/wp\/v2\/product\/42087","targetHints":{"allow":["GET"]}}],"collection":[{"href":"https:\/\/gavermedmening.dk\/index.php?rest_route=\/wp\/v2\/product"}],"about":[{"href":"https:\/\/gavermedmening.dk\/index.php?rest_route=\/wp\/v2\/types\/product"}],"replies":[{"embeddable":true,"href":"https:\/\/gavermedmening.dk\/index.php?rest_route=%2Fwp%2Fv2%2Fcomments&post=42087"}],"wp:attachment":[{"href":"https:\/\/gavermedmening.dk\/index.php?rest_route=%2Fwp%2Fv2%2Fmedia&parent=42087"}],"wp:term":[{"taxonomy":"product_brand","embeddable":true,"href":"https:\/\/gavermedmening.dk\/index.php?rest_route=%2Fwp%2Fv2%2Fproduct_brand&post=42087"},{"taxonomy":"product_cat","embeddable":true,"href":"https:\/\/gavermedmening.dk\/index.php?rest_route=%2Fwp%2Fv2%2Fproduct_cat&post=42087"},{"taxonomy":"product_tag","embeddable":true,"href":"https:\/\/gavermedmening.dk\/index.php?rest_route=%2Fwp%2Fv2%2Fproduct_tag&post=42087"}],"curies":[{"name":"wp","href":"https:\/\/api.w.org\/{rel}","templated":true}]}}