{"id":42091,"date":"2024-06-25T11:53:18","date_gmt":"2024-06-25T11:53:18","guid":{"rendered":"https:\/\/gavermedmening.dk\/vare\/jule-uro-i-glas-til-fyrfadslys-engel-med-stjerne\/"},"modified":"2024-12-26T12:13:26","modified_gmt":"2024-12-26T12:13:26","slug":"jule-uro-i-glas-til-fyrfadslys-engel-med-stjerne","status":"publish","type":"product","link":"https:\/\/gavermedmening.dk\/?product=jule-uro-i-glas-til-fyrfadslys-engel-med-stjerne","title":{"rendered":"Jule-uro i glas til fyrfadslys &#8211; engel med stjerne"},"content":{"rendered":"<p><strong>Beskrivelse:<\/strong><\/p>\n<p>Drejer automatisk pga varmen fra lyset og sender lysglimt ud i rummet.<br \/>Mange flotte motiver.<br \/>Spreder hygge og liv i et stort omr\u00e5de.<br \/>En perfekt gaveide i den m\u00f8rke tid<\/p>\n<p>Pakken indeholder<br \/>1 glasvase, frosted, med matchende motiv &#8211; ca. 7 cm h\u00f8j<br \/>1 holder til karussel<br \/>1 karussel &#8211; diameter ca. 6.5 cm<br \/>5 h\u00e6ngere med motiv til karussellen, ca. 5,5 cm lange<br \/>Leveres usamlet af transport\u00e5rsager<br \/>\u00a0<br \/><em>Bem\u00e6rk: Alle lysestager er fotograferet i et studiemilj\u00f8 og oplyst med kunstigt lys. De kan se anderledes ud i dine omgivelser end udseendet p\u00e5 billedet, specielt kan farverne i rummet reflekteres p\u00e5 de glatte overflader.<\/em><\/p>\n","protected":false},"excerpt":{"rendered":"<p>Beskrivelse: Drejer automatisk pga varmen fra lyset og sender lysglimt ud i rummet.Mange flotte motiver.Spreder hygge og liv i et stort omr\u00e5de.En perfekt gaveide i den m\u00f8rke tid Pakken indeholder1 glasvase, frosted, med matchende motiv &#8211; ca. 7 cm h\u00f8j1 holder til karussel1 karussel &#8211; diameter ca. 6.5 cm5 h\u00e6ngere med motiv til karussellen, ca. [&hellip;]<\/p>\n","protected":false},"featured_media":0,"comment_status":"closed","ping_status":"closed","template":"","meta":{"_acf_changed":false,"_et_pb_use_builder":"","_et_pb_old_content":"","_et_gb_content_width":""},"product_brand":[],"product_cat":[6289,6453,6454],"product_tag":[],"class_list":{"0":"post-42091","1":"product","2":"type-product","3":"status-publish","5":"product_cat-hellmann","6":"product_cat-lys-til-jul","7":"product_cat-lysestage","9":"first","10":"instock","11":"taxable","12":"shipping-taxable","13":"purchasable","14":"product-type-simple"},"acf":[],"_links":{"self":[{"href":"https:\/\/gavermedmening.dk\/index.php?rest_route=\/wp\/v2\/product\/42091","targetHints":{"allow":["GET"]}}],"collection":[{"href":"https:\/\/gavermedmening.dk\/index.php?rest_route=\/wp\/v2\/product"}],"about":[{"href":"https:\/\/gavermedmening.dk\/index.php?rest_route=\/wp\/v2\/types\/product"}],"replies":[{"embeddable":true,"href":"https:\/\/gavermedmening.dk\/index.php?rest_route=%2Fwp%2Fv2%2Fcomments&post=42091"}],"wp:attachment":[{"href":"https:\/\/gavermedmening.dk\/index.php?rest_route=%2Fwp%2Fv2%2Fmedia&parent=42091"}],"wp:term":[{"taxonomy":"product_brand","embeddable":true,"href":"https:\/\/gavermedmening.dk\/index.php?rest_route=%2Fwp%2Fv2%2Fproduct_brand&post=42091"},{"taxonomy":"product_cat","embeddable":true,"href":"https:\/\/gavermedmening.dk\/index.php?rest_route=%2Fwp%2Fv2%2Fproduct_cat&post=42091"},{"taxonomy":"product_tag","embeddable":true,"href":"https:\/\/gavermedmening.dk\/index.php?rest_route=%2Fwp%2Fv2%2Fproduct_tag&post=42091"}],"curies":[{"name":"wp","href":"https:\/\/api.w.org\/{rel}","templated":true}]}}