{"id":42099,"date":"2024-06-25T11:50:50","date_gmt":"2024-06-25T11:50:50","guid":{"rendered":"https:\/\/gavermedmening.dk\/vare\/brilliant-light-fyfadslampe-i-porcelaen-krybbe-med-soelveffekt\/"},"modified":"2024-12-26T12:15:49","modified_gmt":"2024-12-26T12:15:49","slug":"brilliant-light-fyfadslampe-i-porcelaen-krybbe-med-soelveffekt","status":"publish","type":"product","link":"https:\/\/gavermedmening.dk\/?product=brilliant-light-fyfadslampe-i-porcelaen-krybbe-med-soelveffekt","title":{"rendered":"Brilliant light &#8211; fyfadslampe i porcel\u00e6n &#8211; Krybbe med s\u00f8lveffekt"},"content":{"rendered":"<p><strong>Beskrivelse:<\/strong><\/p>\n<p>Disse brilliant lights er fantastiske fyrfadslamper lavet af det fineste porcel\u00e6n.<\/p>\n<p>Det hvide porcel\u00e6n er belagt med s\u00f8lv i forskellige motiver<\/p>\n<p>Dette motiv er et krybbespil med en lysende stjerne over krybben.<\/p>\n<p>De kan oplyses med et almindeligt fyrfadslys eller et led-fyrfadslys<\/p>\n<p>Leveres i gave\u00e6ske<\/p>\n<p>Ca. 8 cm h\u00f8j og 12 cm i diameter<\/p>\n","protected":false},"excerpt":{"rendered":"<p>Beskrivelse: Disse brilliant lights er fantastiske fyrfadslamper lavet af det fineste porcel\u00e6n. Det hvide porcel\u00e6n er belagt med s\u00f8lv i forskellige motiver Dette motiv er et krybbespil med en lysende stjerne over krybben. De kan oplyses med et almindeligt fyrfadslys eller et led-fyrfadslys Leveres i gave\u00e6ske Ca. 8 cm h\u00f8j og 12 cm i diameter<\/p>\n","protected":false},"featured_media":0,"comment_status":"closed","ping_status":"closed","template":"","meta":{"_acf_changed":false,"_et_pb_use_builder":"","_et_pb_old_content":"","_et_gb_content_width":""},"product_brand":[],"product_cat":[6289,6453,6454],"product_tag":[],"class_list":{"0":"post-42099","1":"product","2":"type-product","3":"status-publish","5":"product_cat-hellmann","6":"product_cat-lys-til-jul","7":"product_cat-lysestage","9":"first","10":"instock","11":"taxable","12":"shipping-taxable","13":"purchasable","14":"product-type-simple"},"acf":[],"_links":{"self":[{"href":"https:\/\/gavermedmening.dk\/index.php?rest_route=\/wp\/v2\/product\/42099","targetHints":{"allow":["GET"]}}],"collection":[{"href":"https:\/\/gavermedmening.dk\/index.php?rest_route=\/wp\/v2\/product"}],"about":[{"href":"https:\/\/gavermedmening.dk\/index.php?rest_route=\/wp\/v2\/types\/product"}],"replies":[{"embeddable":true,"href":"https:\/\/gavermedmening.dk\/index.php?rest_route=%2Fwp%2Fv2%2Fcomments&post=42099"}],"wp:attachment":[{"href":"https:\/\/gavermedmening.dk\/index.php?rest_route=%2Fwp%2Fv2%2Fmedia&parent=42099"}],"wp:term":[{"taxonomy":"product_brand","embeddable":true,"href":"https:\/\/gavermedmening.dk\/index.php?rest_route=%2Fwp%2Fv2%2Fproduct_brand&post=42099"},{"taxonomy":"product_cat","embeddable":true,"href":"https:\/\/gavermedmening.dk\/index.php?rest_route=%2Fwp%2Fv2%2Fproduct_cat&post=42099"},{"taxonomy":"product_tag","embeddable":true,"href":"https:\/\/gavermedmening.dk\/index.php?rest_route=%2Fwp%2Fv2%2Fproduct_tag&post=42099"}],"curies":[{"name":"wp","href":"https:\/\/api.w.org\/{rel}","templated":true}]}}