{"id":42102,"date":"2024-06-25T11:50:50","date_gmt":"2024-06-25T11:50:50","guid":{"rendered":"https:\/\/gavermedmening.dk\/vare\/miini-igloo-fyfadslampe-i-porcelaen-med-traebund-snefnug\/"},"modified":"2024-12-26T12:19:36","modified_gmt":"2024-12-26T12:19:36","slug":"miini-igloo-fyfadslampe-i-porcelaen-med-traebund-snefnug","status":"publish","type":"product","link":"https:\/\/gavermedmening.dk\/?product=miini-igloo-fyfadslampe-i-porcelaen-med-traebund-snefnug","title":{"rendered":"Miini igloo fyfadslampe i porcel\u00e6n med tr\u00e6bund &#8211; Snefnug"},"content":{"rendered":"<p><strong>Beskrivelse:<\/strong><\/p>\n<p>Disse mini-igloer er fantastiske fyrfadslamper i det fineste porcel\u00e6n med smuk tr\u00e6bund i skandinavisk look.<\/p>\n<p>De fremstilles ved at tynde lag af porcel\u00e6n lagvist l\u00e6gges p\u00e5 s\u00e5 at de utroligt smukke motiver dukker frem i relief. De forskellig lag p\u00e5virker gennemsigtigheden og skyggevirkningen p\u00e5 en m\u00e5de som g\u00f8r at motiverne fremst\u00e5r levende og i bev\u00e6gelse.<\/p>\n<p>Dette motiv er et stort snefnug i snevejr der giver en fantastisk smuk effekt.<\/p>\n<p>De kan oplyses med et almindeligt fyrfadslys eller et led-fyrfadslys<\/p>\n<p>Ca. 10 cm h\u00f8j og 9 cm i diameter<\/p>\n","protected":false},"excerpt":{"rendered":"<p>Beskrivelse: Disse mini-igloer er fantastiske fyrfadslamper i det fineste porcel\u00e6n med smuk tr\u00e6bund i skandinavisk look. De fremstilles ved at tynde lag af porcel\u00e6n lagvist l\u00e6gges p\u00e5 s\u00e5 at de utroligt smukke motiver dukker frem i relief. De forskellig lag p\u00e5virker gennemsigtigheden og skyggevirkningen p\u00e5 en m\u00e5de som g\u00f8r at motiverne fremst\u00e5r levende og i [&hellip;]<\/p>\n","protected":false},"featured_media":0,"comment_status":"closed","ping_status":"closed","template":"","meta":{"_acf_changed":false,"_et_pb_use_builder":"","_et_pb_old_content":"","_et_gb_content_width":""},"product_brand":[],"product_cat":[6289,6453,6454],"product_tag":[],"class_list":{"0":"post-42102","1":"product","2":"type-product","3":"status-publish","5":"product_cat-hellmann","6":"product_cat-lys-til-jul","7":"product_cat-lysestage","9":"first","10":"instock","11":"taxable","12":"shipping-taxable","13":"purchasable","14":"product-type-simple"},"acf":[],"_links":{"self":[{"href":"https:\/\/gavermedmening.dk\/index.php?rest_route=\/wp\/v2\/product\/42102","targetHints":{"allow":["GET"]}}],"collection":[{"href":"https:\/\/gavermedmening.dk\/index.php?rest_route=\/wp\/v2\/product"}],"about":[{"href":"https:\/\/gavermedmening.dk\/index.php?rest_route=\/wp\/v2\/types\/product"}],"replies":[{"embeddable":true,"href":"https:\/\/gavermedmening.dk\/index.php?rest_route=%2Fwp%2Fv2%2Fcomments&post=42102"}],"wp:attachment":[{"href":"https:\/\/gavermedmening.dk\/index.php?rest_route=%2Fwp%2Fv2%2Fmedia&parent=42102"}],"wp:term":[{"taxonomy":"product_brand","embeddable":true,"href":"https:\/\/gavermedmening.dk\/index.php?rest_route=%2Fwp%2Fv2%2Fproduct_brand&post=42102"},{"taxonomy":"product_cat","embeddable":true,"href":"https:\/\/gavermedmening.dk\/index.php?rest_route=%2Fwp%2Fv2%2Fproduct_cat&post=42102"},{"taxonomy":"product_tag","embeddable":true,"href":"https:\/\/gavermedmening.dk\/index.php?rest_route=%2Fwp%2Fv2%2Fproduct_tag&post=42102"}],"curies":[{"name":"wp","href":"https:\/\/api.w.org\/{rel}","templated":true}]}}