{"id":42108,"date":"2024-06-25T11:47:55","date_gmt":"2024-06-25T11:47:55","guid":{"rendered":"https:\/\/gavermedmening.dk\/vare\/elegance-fyrfadslampe-i-sort-porcelaen-vinterskov\/"},"modified":"2024-12-26T12:30:56","modified_gmt":"2024-12-26T12:30:56","slug":"elegance-fyrfadslampe-i-sort-porcelaen-vinterskov","status":"publish","type":"product","link":"https:\/\/gavermedmening.dk\/?product=elegance-fyrfadslampe-i-sort-porcelaen-vinterskov","title":{"rendered":"Elegance fyrfadslampe i sort porcel\u00e6n &#8211; Vinterskov"},"content":{"rendered":"<p><strong>Beskrivelse:<\/strong><\/p>\n<p>De runde Elegance-lanterner er lavet af porcel\u00e6n og fortryller med deres enkle sk\u00f8nhed.<\/p>\n<p>Belyst indefra med en fyrfadslysflamme ser det udsk\u00e5rne motiv, der minder om et tr\u00e6snit optisk, s\u00e6rligt elegant og smukt ud.<\/p>\n<p>Kom i godt hum\u00f8r af smukke af lys i hvert hj\u00f8rne specielt i den m\u00f8rke tid.<\/p>\n<p>Ogs\u00e5 en vidunderlig v\u00e6rtindegave.<\/p>\n<p>M\u00e5l: Diameter 9,5 cm x H\u00f8jde 6,5 cm<br \/>Materiale: porcel\u00e6n<\/p>\n","protected":false},"excerpt":{"rendered":"<p>Beskrivelse: De runde Elegance-lanterner er lavet af porcel\u00e6n og fortryller med deres enkle sk\u00f8nhed. Belyst indefra med en fyrfadslysflamme ser det udsk\u00e5rne motiv, der minder om et tr\u00e6snit optisk, s\u00e6rligt elegant og smukt ud. Kom i godt hum\u00f8r af smukke af lys i hvert hj\u00f8rne specielt i den m\u00f8rke tid. Ogs\u00e5 en vidunderlig v\u00e6rtindegave. M\u00e5l: [&hellip;]<\/p>\n","protected":false},"featured_media":0,"comment_status":"closed","ping_status":"closed","template":"","meta":{"_acf_changed":false,"_et_pb_use_builder":"","_et_pb_old_content":"","_et_gb_content_width":""},"product_brand":[],"product_cat":[6289,6453,6454],"product_tag":[],"class_list":{"0":"post-42108","1":"product","2":"type-product","3":"status-publish","5":"product_cat-hellmann","6":"product_cat-lys-til-jul","7":"product_cat-lysestage","9":"first","10":"instock","11":"taxable","12":"shipping-taxable","13":"purchasable","14":"product-type-simple"},"acf":[],"_links":{"self":[{"href":"https:\/\/gavermedmening.dk\/index.php?rest_route=\/wp\/v2\/product\/42108","targetHints":{"allow":["GET"]}}],"collection":[{"href":"https:\/\/gavermedmening.dk\/index.php?rest_route=\/wp\/v2\/product"}],"about":[{"href":"https:\/\/gavermedmening.dk\/index.php?rest_route=\/wp\/v2\/types\/product"}],"replies":[{"embeddable":true,"href":"https:\/\/gavermedmening.dk\/index.php?rest_route=%2Fwp%2Fv2%2Fcomments&post=42108"}],"wp:attachment":[{"href":"https:\/\/gavermedmening.dk\/index.php?rest_route=%2Fwp%2Fv2%2Fmedia&parent=42108"}],"wp:term":[{"taxonomy":"product_brand","embeddable":true,"href":"https:\/\/gavermedmening.dk\/index.php?rest_route=%2Fwp%2Fv2%2Fproduct_brand&post=42108"},{"taxonomy":"product_cat","embeddable":true,"href":"https:\/\/gavermedmening.dk\/index.php?rest_route=%2Fwp%2Fv2%2Fproduct_cat&post=42108"},{"taxonomy":"product_tag","embeddable":true,"href":"https:\/\/gavermedmening.dk\/index.php?rest_route=%2Fwp%2Fv2%2Fproduct_tag&post=42108"}],"curies":[{"name":"wp","href":"https:\/\/api.w.org\/{rel}","templated":true}]}}