{"id":42112,"date":"2024-06-25T11:47:55","date_gmt":"2024-06-25T11:47:55","guid":{"rendered":"https:\/\/gavermedmening.dk\/vare\/elegance-small-fyrfadslampe-i-sort-porcelaen-engel\/"},"modified":"2024-12-26T12:26:30","modified_gmt":"2024-12-26T12:26:30","slug":"elegance-small-fyrfadslampe-i-sort-porcelaen-engel","status":"publish","type":"product","link":"https:\/\/gavermedmening.dk\/?product=elegance-small-fyrfadslampe-i-sort-porcelaen-engel","title":{"rendered":"Elegance small &#8211; fyrfadslampe i sort porcel\u00e6n &#8211; Engel"},"content":{"rendered":"<p><strong>Beskrivelse:<\/strong><\/p>\n<p>Med en elegance lanternerne skaber du en hyggelig og samtidig moderne atmosf\u00e6re.<\/p>\n<p>Den enkle gengivelse af motiverne &#8211; der minder om tr\u00e6snit optisk- ser lige s\u00e5 stilfulde ud, n\u00e5r de ikke er oplyst som med fyrfadslys i.<\/p>\n<p>For at nyde stagernes lysende effekt skal du placere et fyrfaldslys i porcel\u00e6nscylinderen og lade dig tryllebinde af de k\u00e6rligt designede motiver.<\/p>\n<p>Kom i godt hum\u00f8r af smukke af lys i hvert hj\u00f8rne specielt i den m\u00f8rke tid.<\/p>\n<p>Ogs\u00e5 en vidunderlig v\u00e6rtindegave.<\/p>\n<p>M\u00e5l: Diameter 6,5 cm x H\u00f8jde 6,3 cm<br \/>Materiale: porcel\u00e6n<\/p>\n","protected":false},"excerpt":{"rendered":"<p>Beskrivelse: Med en elegance lanternerne skaber du en hyggelig og samtidig moderne atmosf\u00e6re. Den enkle gengivelse af motiverne &#8211; der minder om tr\u00e6snit optisk- ser lige s\u00e5 stilfulde ud, n\u00e5r de ikke er oplyst som med fyrfadslys i. For at nyde stagernes lysende effekt skal du placere et fyrfaldslys i porcel\u00e6nscylinderen og lade dig tryllebinde [&hellip;]<\/p>\n","protected":false},"featured_media":0,"comment_status":"closed","ping_status":"closed","template":"","meta":{"_acf_changed":false,"_et_pb_use_builder":"","_et_pb_old_content":"","_et_gb_content_width":""},"product_brand":[],"product_cat":[6289,6453,6454],"product_tag":[],"class_list":{"0":"post-42112","1":"product","2":"type-product","3":"status-publish","5":"product_cat-hellmann","6":"product_cat-lys-til-jul","7":"product_cat-lysestage","9":"first","10":"instock","11":"taxable","12":"shipping-taxable","13":"purchasable","14":"product-type-simple"},"acf":[],"_links":{"self":[{"href":"https:\/\/gavermedmening.dk\/index.php?rest_route=\/wp\/v2\/product\/42112","targetHints":{"allow":["GET"]}}],"collection":[{"href":"https:\/\/gavermedmening.dk\/index.php?rest_route=\/wp\/v2\/product"}],"about":[{"href":"https:\/\/gavermedmening.dk\/index.php?rest_route=\/wp\/v2\/types\/product"}],"replies":[{"embeddable":true,"href":"https:\/\/gavermedmening.dk\/index.php?rest_route=%2Fwp%2Fv2%2Fcomments&post=42112"}],"wp:attachment":[{"href":"https:\/\/gavermedmening.dk\/index.php?rest_route=%2Fwp%2Fv2%2Fmedia&parent=42112"}],"wp:term":[{"taxonomy":"product_brand","embeddable":true,"href":"https:\/\/gavermedmening.dk\/index.php?rest_route=%2Fwp%2Fv2%2Fproduct_brand&post=42112"},{"taxonomy":"product_cat","embeddable":true,"href":"https:\/\/gavermedmening.dk\/index.php?rest_route=%2Fwp%2Fv2%2Fproduct_cat&post=42112"},{"taxonomy":"product_tag","embeddable":true,"href":"https:\/\/gavermedmening.dk\/index.php?rest_route=%2Fwp%2Fv2%2Fproduct_tag&post=42112"}],"curies":[{"name":"wp","href":"https:\/\/api.w.org\/{rel}","templated":true}]}}