{"id":42130,"date":"2024-06-27T11:56:11","date_gmt":"2024-06-27T11:56:11","guid":{"rendered":"https:\/\/gavermedmening.dk\/vare\/julekugle-joy-love-peace\/"},"modified":"2024-10-25T17:43:56","modified_gmt":"2024-10-25T17:43:56","slug":"julekugle-joy-love-peace","status":"publish","type":"product","link":"https:\/\/gavermedmening.dk\/?product=julekugle-joy-love-peace","title":{"rendered":"Julekugle &#8211; Joy, Love, Peace"},"content":{"rendered":"<p><strong>Beskrivelse:<\/strong><\/p>\n<p>Smuk moderne glas-juletr\u00e6skugle, printet over det hele med motivet Joy Love Peace.<\/p>\n<p>Kuglemn er mat hvid kombineret med en s\u00f8lvfarvet krone og en hvid h\u00e6ngestrop.<\/p>\n<p>Ca \u00f8 7 cm, pakket i s\u00f8lvfarvet individuel karton.<\/p>\n<p>Tip: Sammen med vores lys (varen prai5979) en sk\u00f8n dekoration i adventsarrangementet eller p\u00e5 adventskransen.<\/p>\n<p>Lavet i Tyskland<\/p>\n","protected":false},"excerpt":{"rendered":"<p>Beskrivelse: Smuk moderne glas-juletr\u00e6skugle, printet over det hele med motivet Joy Love Peace. Kuglemn er mat hvid kombineret med en s\u00f8lvfarvet krone og en hvid h\u00e6ngestrop. Ca \u00f8 7 cm, pakket i s\u00f8lvfarvet individuel karton. Tip: Sammen med vores lys (varen prai5979) en sk\u00f8n dekoration i adventsarrangementet eller p\u00e5 adventskransen. Lavet i Tyskland<\/p>\n","protected":false},"featured_media":0,"comment_status":"closed","ping_status":"closed","template":"","meta":{"_acf_changed":false,"_et_pb_use_builder":"","_et_pb_old_content":"","_et_gb_content_width":""},"product_brand":[],"product_cat":[6243,6229],"product_tag":[],"class_list":{"0":"post-42130","1":"product","2":"type-product","3":"status-publish","5":"product_cat-haengepynt","6":"product_cat-praisent","8":"first","9":"instock","10":"taxable","11":"shipping-taxable","12":"purchasable","13":"product-type-simple"},"acf":[],"_links":{"self":[{"href":"https:\/\/gavermedmening.dk\/index.php?rest_route=\/wp\/v2\/product\/42130","targetHints":{"allow":["GET"]}}],"collection":[{"href":"https:\/\/gavermedmening.dk\/index.php?rest_route=\/wp\/v2\/product"}],"about":[{"href":"https:\/\/gavermedmening.dk\/index.php?rest_route=\/wp\/v2\/types\/product"}],"replies":[{"embeddable":true,"href":"https:\/\/gavermedmening.dk\/index.php?rest_route=%2Fwp%2Fv2%2Fcomments&post=42130"}],"wp:attachment":[{"href":"https:\/\/gavermedmening.dk\/index.php?rest_route=%2Fwp%2Fv2%2Fmedia&parent=42130"}],"wp:term":[{"taxonomy":"product_brand","embeddable":true,"href":"https:\/\/gavermedmening.dk\/index.php?rest_route=%2Fwp%2Fv2%2Fproduct_brand&post=42130"},{"taxonomy":"product_cat","embeddable":true,"href":"https:\/\/gavermedmening.dk\/index.php?rest_route=%2Fwp%2Fv2%2Fproduct_cat&post=42130"},{"taxonomy":"product_tag","embeddable":true,"href":"https:\/\/gavermedmening.dk\/index.php?rest_route=%2Fwp%2Fv2%2Fproduct_tag&post=42130"}],"curies":[{"name":"wp","href":"https:\/\/api.w.org\/{rel}","templated":true}]}}