{"id":42141,"date":"2024-06-27T11:50:36","date_gmt":"2024-06-27T11:50:36","guid":{"rendered":"https:\/\/gavermedmening.dk\/vare\/julehjerte-til-ophaeng-sort\/"},"modified":"2024-10-25T17:44:25","modified_gmt":"2024-10-25T17:44:25","slug":"julehjerte-til-ophaeng-sort","status":"publish","type":"product","link":"https:\/\/gavermedmening.dk\/?product=julehjerte-til-ophaeng-sort","title":{"rendered":"Julehjerte til oph\u00e6ng &#8211; sort"},"content":{"rendered":"<p><strong>Beskrivelse:<\/strong><\/p>\n<p>Ornament med enkelt og stilrent udtryk, der er ide\u00e9l til den moderne julebolig. Ornamentet er udformet som et smukt julevindue pyntet til advent. Er smuk p\u00e5 juletr\u00e6et, i vinduet, en gren, om en lysestage, kun fantasien s\u00e6tter gr\u00e6nser.\u00a0<\/p>\n<p>St\u00f8rrelse:\u00a0 6,5x5m<\/p>\n<p>Materiale: 100% genanvendt akryl\/plexiglas og vokset bomuldssnor<\/p>\n","protected":false},"excerpt":{"rendered":"<p>Beskrivelse: Ornament med enkelt og stilrent udtryk, der er ide\u00e9l til den moderne julebolig. Ornamentet er udformet som et smukt julevindue pyntet til advent. Er smuk p\u00e5 juletr\u00e6et, i vinduet, en gren, om en lysestage, kun fantasien s\u00e6tter gr\u00e6nser.\u00a0 St\u00f8rrelse:\u00a0 6,5x5m Materiale: 100% genanvendt akryl\/plexiglas og vokset bomuldssnor<\/p>\n","protected":false},"featured_media":0,"comment_status":"closed","ping_status":"closed","template":"","meta":{"_acf_changed":false,"_et_pb_use_builder":"","_et_pb_old_content":"","_et_gb_content_width":""},"product_brand":[],"product_cat":[6243,6286],"product_tag":[6287],"class_list":{"0":"post-42141","1":"product","2":"type-product","3":"status-publish","5":"product_cat-haengepynt","6":"product_cat-ryborg-urban-designs","7":"product_tag-ryborg-urban-designs","9":"first","10":"instock","11":"taxable","12":"shipping-taxable","13":"purchasable","14":"product-type-simple"},"acf":[],"_links":{"self":[{"href":"https:\/\/gavermedmening.dk\/index.php?rest_route=\/wp\/v2\/product\/42141","targetHints":{"allow":["GET"]}}],"collection":[{"href":"https:\/\/gavermedmening.dk\/index.php?rest_route=\/wp\/v2\/product"}],"about":[{"href":"https:\/\/gavermedmening.dk\/index.php?rest_route=\/wp\/v2\/types\/product"}],"replies":[{"embeddable":true,"href":"https:\/\/gavermedmening.dk\/index.php?rest_route=%2Fwp%2Fv2%2Fcomments&post=42141"}],"wp:attachment":[{"href":"https:\/\/gavermedmening.dk\/index.php?rest_route=%2Fwp%2Fv2%2Fmedia&parent=42141"}],"wp:term":[{"taxonomy":"product_brand","embeddable":true,"href":"https:\/\/gavermedmening.dk\/index.php?rest_route=%2Fwp%2Fv2%2Fproduct_brand&post=42141"},{"taxonomy":"product_cat","embeddable":true,"href":"https:\/\/gavermedmening.dk\/index.php?rest_route=%2Fwp%2Fv2%2Fproduct_cat&post=42141"},{"taxonomy":"product_tag","embeddable":true,"href":"https:\/\/gavermedmening.dk\/index.php?rest_route=%2Fwp%2Fv2%2Fproduct_tag&post=42141"}],"curies":[{"name":"wp","href":"https:\/\/api.w.org\/{rel}","templated":true}]}}