{"id":42143,"date":"2024-06-27T11:49:43","date_gmt":"2024-06-27T11:49:43","guid":{"rendered":"https:\/\/gavermedmening.dk\/vare\/julekugle-med-stjerne-til-ophaeng-sort\/"},"modified":"2024-10-25T17:44:33","modified_gmt":"2024-10-25T17:44:33","slug":"julekugle-med-stjerne-til-ophaeng-sort","status":"publish","type":"product","link":"https:\/\/gavermedmening.dk\/?product=julekugle-med-stjerne-til-ophaeng-sort","title":{"rendered":"Julekugle med stjerne til oph\u00e6ng &#8211; sort"},"content":{"rendered":"<p><strong>Beskrivelse:<\/strong><\/p>\n<p>Ornament med enkelt og stilrent udtryk, der er ide\u00e9l til den moderne jul. Ornamentet er formet som en\u00a0klassisk julekugle med en\u00a0udsk\u00e5ret engel. Er smuk p\u00e5 juletr\u00e6et, i vinduet, en gren, om en lysestage, kun fantasien s\u00e6tter gr\u00e6nser.<\/p>\n<p>St\u00f8rrelse:\u00a07,5\u00d76,5 cm<\/p>\n<p>Materiale: akryl\/plexiglas og vokset bomuldssnor<\/p>\n","protected":false},"excerpt":{"rendered":"<p>Beskrivelse: Ornament med enkelt og stilrent udtryk, der er ide\u00e9l til den moderne jul. Ornamentet er formet som en\u00a0klassisk julekugle med en\u00a0udsk\u00e5ret engel. Er smuk p\u00e5 juletr\u00e6et, i vinduet, en gren, om en lysestage, kun fantasien s\u00e6tter gr\u00e6nser. St\u00f8rrelse:\u00a07,5\u00d76,5 cm Materiale: akryl\/plexiglas og vokset bomuldssnor<\/p>\n","protected":false},"featured_media":0,"comment_status":"closed","ping_status":"closed","template":"","meta":{"_acf_changed":false,"_et_pb_use_builder":"","_et_pb_old_content":"","_et_gb_content_width":""},"product_brand":[],"product_cat":[6243,6286],"product_tag":[6287],"class_list":{"0":"post-42143","1":"product","2":"type-product","3":"status-publish","5":"product_cat-haengepynt","6":"product_cat-ryborg-urban-designs","7":"product_tag-ryborg-urban-designs","9":"first","10":"instock","11":"taxable","12":"shipping-taxable","13":"purchasable","14":"product-type-simple"},"acf":[],"_links":{"self":[{"href":"https:\/\/gavermedmening.dk\/index.php?rest_route=\/wp\/v2\/product\/42143","targetHints":{"allow":["GET"]}}],"collection":[{"href":"https:\/\/gavermedmening.dk\/index.php?rest_route=\/wp\/v2\/product"}],"about":[{"href":"https:\/\/gavermedmening.dk\/index.php?rest_route=\/wp\/v2\/types\/product"}],"replies":[{"embeddable":true,"href":"https:\/\/gavermedmening.dk\/index.php?rest_route=%2Fwp%2Fv2%2Fcomments&post=42143"}],"wp:attachment":[{"href":"https:\/\/gavermedmening.dk\/index.php?rest_route=%2Fwp%2Fv2%2Fmedia&parent=42143"}],"wp:term":[{"taxonomy":"product_brand","embeddable":true,"href":"https:\/\/gavermedmening.dk\/index.php?rest_route=%2Fwp%2Fv2%2Fproduct_brand&post=42143"},{"taxonomy":"product_cat","embeddable":true,"href":"https:\/\/gavermedmening.dk\/index.php?rest_route=%2Fwp%2Fv2%2Fproduct_cat&post=42143"},{"taxonomy":"product_tag","embeddable":true,"href":"https:\/\/gavermedmening.dk\/index.php?rest_route=%2Fwp%2Fv2%2Fproduct_tag&post=42143"}],"curies":[{"name":"wp","href":"https:\/\/api.w.org\/{rel}","templated":true}]}}