{"id":42178,"date":"2024-06-27T11:41:20","date_gmt":"2024-06-27T11:41:20","guid":{"rendered":"https:\/\/gavermedmening.dk\/vare\/minijulehjerter-saet-med-6\/"},"modified":"2024-10-25T17:59:00","modified_gmt":"2024-10-25T17:59:00","slug":"minijulehjerter-saet-med-6","status":"publish","type":"product","link":"https:\/\/gavermedmening.dk\/?product=minijulehjerter-saet-med-6","title":{"rendered":"Minijulehjerter &#8211; s\u00e6t med 6"},"content":{"rendered":"<p><strong>Beskrivelse<\/strong>:<\/p>\n<p>Filtprodukt lavet af rent naturligt uld fra New Zealand.<\/p>\n<p>Designet i Danmark og 100% h\u00e5ndlavet i Nepal &#8211; fairtrade.<\/p>\n<p>H\u00e5ndlavet og derfor er hvert enkelt produkt unikt og med sm\u00e5 forskelle.<\/p>\n<p>St\u00f8rrelse: 3&#215;3 cm<\/p>\n","protected":false},"excerpt":{"rendered":"<p>Beskrivelse: Filtprodukt lavet af rent naturligt uld fra New Zealand. Designet i Danmark og 100% h\u00e5ndlavet i Nepal &#8211; fairtrade. H\u00e5ndlavet og derfor er hvert enkelt produkt unikt og med sm\u00e5 forskelle. St\u00f8rrelse: 3&#215;3 cm<\/p>\n","protected":false},"featured_media":42179,"comment_status":"closed","ping_status":"closed","template":"","meta":{"_acf_changed":false,"_et_pb_use_builder":"","_et_pb_old_content":"","_et_gb_content_width":""},"product_brand":[],"product_cat":[6237,6243],"product_tag":[6238],"class_list":{"0":"post-42178","1":"product","2":"type-product","3":"status-publish","4":"has-post-thumbnail","6":"product_cat-en-gry-sif","7":"product_cat-haengepynt","8":"product_tag-en-gry-sif","10":"first","11":"instock","12":"taxable","13":"shipping-taxable","14":"purchasable","15":"product-type-simple"},"acf":[],"_links":{"self":[{"href":"https:\/\/gavermedmening.dk\/index.php?rest_route=\/wp\/v2\/product\/42178","targetHints":{"allow":["GET"]}}],"collection":[{"href":"https:\/\/gavermedmening.dk\/index.php?rest_route=\/wp\/v2\/product"}],"about":[{"href":"https:\/\/gavermedmening.dk\/index.php?rest_route=\/wp\/v2\/types\/product"}],"replies":[{"embeddable":true,"href":"https:\/\/gavermedmening.dk\/index.php?rest_route=%2Fwp%2Fv2%2Fcomments&post=42178"}],"wp:featuredmedia":[{"embeddable":true,"href":"https:\/\/gavermedmening.dk\/index.php?rest_route=\/wp\/v2\/media\/42179"}],"wp:attachment":[{"href":"https:\/\/gavermedmening.dk\/index.php?rest_route=%2Fwp%2Fv2%2Fmedia&parent=42178"}],"wp:term":[{"taxonomy":"product_brand","embeddable":true,"href":"https:\/\/gavermedmening.dk\/index.php?rest_route=%2Fwp%2Fv2%2Fproduct_brand&post=42178"},{"taxonomy":"product_cat","embeddable":true,"href":"https:\/\/gavermedmening.dk\/index.php?rest_route=%2Fwp%2Fv2%2Fproduct_cat&post=42178"},{"taxonomy":"product_tag","embeddable":true,"href":"https:\/\/gavermedmening.dk\/index.php?rest_route=%2Fwp%2Fv2%2Fproduct_tag&post=42178"}],"curies":[{"name":"wp","href":"https:\/\/api.w.org\/{rel}","templated":true}]}}