{"id":42203,"date":"2024-06-27T11:39:23","date_gmt":"2024-06-27T11:39:23","guid":{"rendered":"https:\/\/gavermedmening.dk\/vare\/haengeengel-hannah-rosa\/"},"modified":"2024-10-25T17:59:37","modified_gmt":"2024-10-25T17:59:37","slug":"haengeengel-hannah-rosa","status":"publish","type":"product","link":"https:\/\/gavermedmening.dk\/?product=haengeengel-hannah-rosa","title":{"rendered":"H\u00e6ngeengel &#8220;Hannah&#8221; &#8211; rosa"},"content":{"rendered":"<p><strong>Beskrivelse:<\/strong><\/p>\n<p>H\u00e6ngeenglen &#8220;Hannah&#8221; er en skytsengel, du kan h\u00e6nge ved din seng eller et sted i dit hjem, hvor du bruger meget tid, lad det give lykke, k\u00e6rlighed og sikkerhed.<\/p>\n<p>Lavet af hvid porcel\u00e6n med pr\u00e6gede vinger og fine h\u00e5ndmalede detaljer i guld.<\/p>\n<p>Hver engel er h\u00e5ndlavet, hvilket g\u00f8r dem alle unikke.<\/p>\n<p>Bredde: 6 cm<\/p>\n<p><strong>Designer<\/strong>: Jette Abildgaard<\/p>\n","protected":false},"excerpt":{"rendered":"<p>Beskrivelse: H\u00e6ngeenglen &#8220;Hannah&#8221; er en skytsengel, du kan h\u00e6nge ved din seng eller et sted i dit hjem, hvor du bruger meget tid, lad det give lykke, k\u00e6rlighed og sikkerhed. Lavet af hvid porcel\u00e6n med pr\u00e6gede vinger og fine h\u00e5ndmalede detaljer i guld. Hver engel er h\u00e5ndlavet, hvilket g\u00f8r dem alle unikke. Bredde: 6 cm [&hellip;]<\/p>\n","protected":false},"featured_media":42204,"comment_status":"closed","ping_status":"closed","template":"","meta":{"_acf_changed":false,"_et_pb_use_builder":"","_et_pb_old_content":"","_et_gb_content_width":""},"product_brand":[],"product_cat":[6243,6283],"product_tag":[6290],"class_list":{"0":"post-42203","1":"product","2":"type-product","3":"status-publish","4":"has-post-thumbnail","6":"product_cat-haengepynt","7":"product_cat-ngg","8":"product_tag-jette-abildgaard","10":"first","11":"instock","12":"taxable","13":"shipping-taxable","14":"purchasable","15":"product-type-simple"},"acf":[],"_links":{"self":[{"href":"https:\/\/gavermedmening.dk\/index.php?rest_route=\/wp\/v2\/product\/42203","targetHints":{"allow":["GET"]}}],"collection":[{"href":"https:\/\/gavermedmening.dk\/index.php?rest_route=\/wp\/v2\/product"}],"about":[{"href":"https:\/\/gavermedmening.dk\/index.php?rest_route=\/wp\/v2\/types\/product"}],"replies":[{"embeddable":true,"href":"https:\/\/gavermedmening.dk\/index.php?rest_route=%2Fwp%2Fv2%2Fcomments&post=42203"}],"wp:featuredmedia":[{"embeddable":true,"href":"https:\/\/gavermedmening.dk\/index.php?rest_route=\/wp\/v2\/media\/42204"}],"wp:attachment":[{"href":"https:\/\/gavermedmening.dk\/index.php?rest_route=%2Fwp%2Fv2%2Fmedia&parent=42203"}],"wp:term":[{"taxonomy":"product_brand","embeddable":true,"href":"https:\/\/gavermedmening.dk\/index.php?rest_route=%2Fwp%2Fv2%2Fproduct_brand&post=42203"},{"taxonomy":"product_cat","embeddable":true,"href":"https:\/\/gavermedmening.dk\/index.php?rest_route=%2Fwp%2Fv2%2Fproduct_cat&post=42203"},{"taxonomy":"product_tag","embeddable":true,"href":"https:\/\/gavermedmening.dk\/index.php?rest_route=%2Fwp%2Fv2%2Fproduct_tag&post=42203"}],"curies":[{"name":"wp","href":"https:\/\/api.w.org\/{rel}","templated":true}]}}