{"id":42367,"date":"2024-06-25T11:53:18","date_gmt":"2024-06-25T11:53:18","guid":{"rendered":"https:\/\/gavermedmening.dk\/vare\/glasstjerne-med-led-lyskaede-og-krybbe\/"},"modified":"2024-12-26T12:09:25","modified_gmt":"2024-12-26T12:09:25","slug":"glasstjerne-med-led-lyskaede-og-krybbe","status":"publish","type":"product","link":"https:\/\/gavermedmening.dk\/?product=glasstjerne-med-led-lyskaede-og-krybbe","title":{"rendered":"Glasstjerne med LED-lysk\u00e6de og krybbe"},"content":{"rendered":"<p><strong>Beskrivelse: <\/strong><\/p>\n<p>&#8211; Glasstjerne: ca 12 x 12 cm<br \/>&#8211; Batterirum inklusive oph\u00e6ngning: ca \u00d8 1,7 cm x 15,4 cm<br \/>&#8211; Kabel fra batterirummet til glasstjernen: ca 44 cm<br \/>&#8211; Samlet l\u00e6ngde: ca 72 cm<br \/>&#8211; LED lysk\u00e6de inde i glasstjernen (varmt hvidt lys)<br \/>&#8211; Brug venligst kun glasstjernen indend\u00f8rs<br \/>&#8211; Batterier: 2 x AAA (medf\u00f8lger ikke)<br \/>&#8211; Batterirum med t\u00e6nd\/sluk-knap og timerfunktion<br \/>&#8211; Levering i gaveemballage<\/p>\n<p><span style=\"color: #ffffff;\">Kerstin Stark<\/span><\/p>\n","protected":false},"excerpt":{"rendered":"<p>Beskrivelse: &#8211; Glasstjerne: ca 12 x 12 cm&#8211; Batterirum inklusive oph\u00e6ngning: ca \u00d8 1,7 cm x 15,4 cm&#8211; Kabel fra batterirummet til glasstjernen: ca 44 cm&#8211; Samlet l\u00e6ngde: ca 72 cm&#8211; LED lysk\u00e6de inde i glasstjernen (varmt hvidt lys)&#8211; Brug venligst kun glasstjernen indend\u00f8rs&#8211; Batterier: 2 x AAA (medf\u00f8lger ikke)&#8211; Batterirum med t\u00e6nd\/sluk-knap og timerfunktion&#8211; [&hellip;]<\/p>\n","protected":false},"featured_media":0,"comment_status":"closed","ping_status":"closed","template":"","meta":{"_acf_changed":false,"_et_pb_use_builder":"","_et_pb_old_content":"","_et_gb_content_width":""},"product_brand":[],"product_cat":[6246,6453,6454],"product_tag":[],"class_list":{"0":"post-42367","1":"product","2":"type-product","3":"status-publish","5":"product_cat-butzon","6":"product_cat-lys-til-jul","7":"product_cat-lysestage","9":"first","10":"instock","11":"taxable","12":"shipping-taxable","13":"purchasable","14":"product-type-simple"},"acf":[],"_links":{"self":[{"href":"https:\/\/gavermedmening.dk\/index.php?rest_route=\/wp\/v2\/product\/42367","targetHints":{"allow":["GET"]}}],"collection":[{"href":"https:\/\/gavermedmening.dk\/index.php?rest_route=\/wp\/v2\/product"}],"about":[{"href":"https:\/\/gavermedmening.dk\/index.php?rest_route=\/wp\/v2\/types\/product"}],"replies":[{"embeddable":true,"href":"https:\/\/gavermedmening.dk\/index.php?rest_route=%2Fwp%2Fv2%2Fcomments&post=42367"}],"wp:attachment":[{"href":"https:\/\/gavermedmening.dk\/index.php?rest_route=%2Fwp%2Fv2%2Fmedia&parent=42367"}],"wp:term":[{"taxonomy":"product_brand","embeddable":true,"href":"https:\/\/gavermedmening.dk\/index.php?rest_route=%2Fwp%2Fv2%2Fproduct_brand&post=42367"},{"taxonomy":"product_cat","embeddable":true,"href":"https:\/\/gavermedmening.dk\/index.php?rest_route=%2Fwp%2Fv2%2Fproduct_cat&post=42367"},{"taxonomy":"product_tag","embeddable":true,"href":"https:\/\/gavermedmening.dk\/index.php?rest_route=%2Fwp%2Fv2%2Fproduct_tag&post=42367"}],"curies":[{"name":"wp","href":"https:\/\/api.w.org\/{rel}","templated":true}]}}