{"id":43062,"date":"2024-06-22T22:32:13","date_gmt":"2024-06-22T21:32:13","guid":{"rendered":"https:\/\/gavermedmening.dk\/vare\/oereringe-med-aabent-hjerte-i-forgyldt-soelv\/"},"modified":"2024-10-27T13:32:13","modified_gmt":"2024-10-27T13:32:13","slug":"oereringe-med-aabent-hjerte-i-forgyldt-soelv","status":"publish","type":"product","link":"https:\/\/gavermedmening.dk\/?product=oereringe-med-aabent-hjerte-i-forgyldt-soelv","title":{"rendered":"\u00d8reringe med \u00e5bent hjerte i forgyldt s\u00f8lv"},"content":{"rendered":"<p><strong>Beskrivelse:<\/strong><\/p>\n<table class=\"ItemDetailTable\">\n<tbody>\n<tr>\n<td>Edelmetall:<\/td>\n<td>925 Sterling Silber<\/td>\n<\/tr>\n<tr>\n<td>Breite:<\/td>\n<td>6 mm<\/td>\n<\/tr>\n<tr>\n<td>\u00dcberzug:<\/td>\n<td>vergoldet<\/td>\n<\/tr>\n<\/tbody>\n<\/table>\n","protected":false},"excerpt":{"rendered":"<p>Beskrivelse: Edelmetall: 925 Sterling Silber Breite: 6 mm \u00dcberzug: vergoldet<\/p>\n","protected":false},"featured_media":0,"comment_status":"closed","ping_status":"closed","template":"","meta":{"_acf_changed":false,"_et_pb_use_builder":"","_et_pb_old_content":"","_et_gb_content_width":""},"product_brand":[],"product_cat":[6302,6300],"product_tag":[],"class_list":{"0":"post-43062","1":"product","2":"type-product","3":"status-publish","5":"product_cat-bn-silver","6":"product_cat-oereringe","8":"first","9":"instock","10":"taxable","11":"shipping-taxable","12":"purchasable","13":"product-type-simple"},"acf":[],"_links":{"self":[{"href":"https:\/\/gavermedmening.dk\/index.php?rest_route=\/wp\/v2\/product\/43062","targetHints":{"allow":["GET"]}}],"collection":[{"href":"https:\/\/gavermedmening.dk\/index.php?rest_route=\/wp\/v2\/product"}],"about":[{"href":"https:\/\/gavermedmening.dk\/index.php?rest_route=\/wp\/v2\/types\/product"}],"replies":[{"embeddable":true,"href":"https:\/\/gavermedmening.dk\/index.php?rest_route=%2Fwp%2Fv2%2Fcomments&post=43062"}],"wp:attachment":[{"href":"https:\/\/gavermedmening.dk\/index.php?rest_route=%2Fwp%2Fv2%2Fmedia&parent=43062"}],"wp:term":[{"taxonomy":"product_brand","embeddable":true,"href":"https:\/\/gavermedmening.dk\/index.php?rest_route=%2Fwp%2Fv2%2Fproduct_brand&post=43062"},{"taxonomy":"product_cat","embeddable":true,"href":"https:\/\/gavermedmening.dk\/index.php?rest_route=%2Fwp%2Fv2%2Fproduct_cat&post=43062"},{"taxonomy":"product_tag","embeddable":true,"href":"https:\/\/gavermedmening.dk\/index.php?rest_route=%2Fwp%2Fv2%2Fproduct_tag&post=43062"}],"curies":[{"name":"wp","href":"https:\/\/api.w.org\/{rel}","templated":true}]}}