{"id":43074,"date":"2024-06-22T22:30:20","date_gmt":"2024-06-22T21:30:20","guid":{"rendered":"https:\/\/gavermedmening.dk\/vare\/hjerteballon-oerestikker-guldbelagt-sterling-soelv\/"},"modified":"2024-10-27T13:33:07","modified_gmt":"2024-10-27T13:33:07","slug":"hjerteballon-oerestikker-guldbelagt-sterling-soelv","status":"publish","type":"product","link":"https:\/\/gavermedmening.dk\/?product=hjerteballon-oerestikker-guldbelagt-sterling-soelv","title":{"rendered":"Hjerteballon \u00f8restikker &#8211; guldbelagt sterling s\u00f8lv"},"content":{"rendered":"<p><strong>Beskrivelse:<\/strong><\/p>\n<p>Hjertet smyboliserer k\u00e6rlighed, men p\u00e5 samme tid, er det symbolet for livets centrum, sj\u00e6len, det indre, medf\u00f8lelse, tro,\u00a0mod, gl\u00e6de og sorg.<br \/>\u00d8restikkerne her er helt sm\u00e5 og enkle, og med et legende udtryk.\u00a0De\u00a0kan b\u00e6res alene, eller kombineres med dine yndlingssmykker.<\/p>\n<p>Materialer: Sterlings\u00f8lv (925)\u00a0belagt med guld<\/p>\n<p>M\u00e5l: ca. 6 x 8 mm<\/p>\n","protected":false},"excerpt":{"rendered":"<p>Beskrivelse: Hjertet smyboliserer k\u00e6rlighed, men p\u00e5 samme tid, er det symbolet for livets centrum, sj\u00e6len, det indre, medf\u00f8lelse, tro,\u00a0mod, gl\u00e6de og sorg.\u00d8restikkerne her er helt sm\u00e5 og enkle, og med et legende udtryk.\u00a0De\u00a0kan b\u00e6res alene, eller kombineres med dine yndlingssmykker. Materialer: Sterlings\u00f8lv (925)\u00a0belagt med guld M\u00e5l: ca. 6 x 8 mm<\/p>\n","protected":false},"featured_media":0,"comment_status":"closed","ping_status":"closed","template":"","meta":{"_acf_changed":false,"_et_pb_use_builder":"","_et_pb_old_content":"","_et_gb_content_width":""},"product_brand":[],"product_cat":[6304,6300],"product_tag":[6305],"class_list":{"0":"post-43074","1":"product","2":"type-product","3":"status-publish","5":"product_cat-by-gabay","6":"product_cat-oereringe","7":"product_tag-by-gabay","9":"first","10":"instock","11":"taxable","12":"shipping-taxable","13":"purchasable","14":"product-type-simple"},"acf":[],"_links":{"self":[{"href":"https:\/\/gavermedmening.dk\/index.php?rest_route=\/wp\/v2\/product\/43074","targetHints":{"allow":["GET"]}}],"collection":[{"href":"https:\/\/gavermedmening.dk\/index.php?rest_route=\/wp\/v2\/product"}],"about":[{"href":"https:\/\/gavermedmening.dk\/index.php?rest_route=\/wp\/v2\/types\/product"}],"replies":[{"embeddable":true,"href":"https:\/\/gavermedmening.dk\/index.php?rest_route=%2Fwp%2Fv2%2Fcomments&post=43074"}],"wp:attachment":[{"href":"https:\/\/gavermedmening.dk\/index.php?rest_route=%2Fwp%2Fv2%2Fmedia&parent=43074"}],"wp:term":[{"taxonomy":"product_brand","embeddable":true,"href":"https:\/\/gavermedmening.dk\/index.php?rest_route=%2Fwp%2Fv2%2Fproduct_brand&post=43074"},{"taxonomy":"product_cat","embeddable":true,"href":"https:\/\/gavermedmening.dk\/index.php?rest_route=%2Fwp%2Fv2%2Fproduct_cat&post=43074"},{"taxonomy":"product_tag","embeddable":true,"href":"https:\/\/gavermedmening.dk\/index.php?rest_route=%2Fwp%2Fv2%2Fproduct_tag&post=43074"}],"curies":[{"name":"wp","href":"https:\/\/api.w.org\/{rel}","templated":true}]}}