{"id":43087,"date":"2024-06-22T22:26:27","date_gmt":"2024-06-22T21:26:27","guid":{"rendered":"https:\/\/gavermedmening.dk\/vare\/creol-tro-haab-kaerlighed-soelv\/"},"modified":"2024-10-27T13:34:05","modified_gmt":"2024-10-27T13:34:05","slug":"creol-tro-haab-kaerlighed-soelv","status":"publish","type":"product","link":"https:\/\/gavermedmening.dk\/?product=creol-tro-haab-kaerlighed-soelv","title":{"rendered":"Creol &#8211; Tro-h\u00e5b-k\u00e6rlighed &#8211; s\u00f8lv"},"content":{"rendered":"","protected":false},"excerpt":{"rendered":"","protected":false},"featured_media":0,"comment_status":"closed","ping_status":"closed","template":"","meta":{"_acf_changed":false,"_et_pb_use_builder":"","_et_pb_old_content":"","_et_gb_content_width":""},"product_brand":[],"product_cat":[6300,6294],"product_tag":[],"class_list":{"0":"post-43087","1":"product","2":"type-product","3":"status-publish","5":"product_cat-oereringe","6":"product_cat-scrouples","8":"first","9":"instock","10":"taxable","11":"shipping-taxable","12":"purchasable","13":"product-type-simple"},"acf":[],"_links":{"self":[{"href":"https:\/\/gavermedmening.dk\/index.php?rest_route=\/wp\/v2\/product\/43087","targetHints":{"allow":["GET"]}}],"collection":[{"href":"https:\/\/gavermedmening.dk\/index.php?rest_route=\/wp\/v2\/product"}],"about":[{"href":"https:\/\/gavermedmening.dk\/index.php?rest_route=\/wp\/v2\/types\/product"}],"replies":[{"embeddable":true,"href":"https:\/\/gavermedmening.dk\/index.php?rest_route=%2Fwp%2Fv2%2Fcomments&post=43087"}],"wp:attachment":[{"href":"https:\/\/gavermedmening.dk\/index.php?rest_route=%2Fwp%2Fv2%2Fmedia&parent=43087"}],"wp:term":[{"taxonomy":"product_brand","embeddable":true,"href":"https:\/\/gavermedmening.dk\/index.php?rest_route=%2Fwp%2Fv2%2Fproduct_brand&post=43087"},{"taxonomy":"product_cat","embeddable":true,"href":"https:\/\/gavermedmening.dk\/index.php?rest_route=%2Fwp%2Fv2%2Fproduct_cat&post=43087"},{"taxonomy":"product_tag","embeddable":true,"href":"https:\/\/gavermedmening.dk\/index.php?rest_route=%2Fwp%2Fv2%2Fproduct_tag&post=43087"}],"curies":[{"name":"wp","href":"https:\/\/api.w.org\/{rel}","templated":true}]}}