{"id":43107,"date":"2024-06-22T22:22:52","date_gmt":"2024-06-22T21:22:52","guid":{"rendered":"https:\/\/gavermedmening.dk\/vare\/hjerte-oerestikker-mellem-soelv\/"},"modified":"2024-10-27T13:42:16","modified_gmt":"2024-10-27T13:42:16","slug":"hjerte-oerestikker-mellem-soelv","status":"publish","type":"product","link":"https:\/\/gavermedmening.dk\/?product=hjerte-oerestikker-mellem-soelv","title":{"rendered":"Hjerte \u00f8restikker &#8211; mellem &#8211; s\u00f8lv"},"content":{"rendered":"<p><strong>Beskrivelse:<\/strong><\/p>\n<p>Hjertet smyboliserer k\u00e6rlighed, men p\u00e5 samme tid, er det et symbol for s\u00e5 meget andet, livets centrum, sj\u00e6len, det indre, medf\u00f8lelse, tro,\u00a0mod, gl\u00e6de og sorg.<br \/>Vi har lavet disse\u00a0&#8220;sk\u00e6ve&#8221; hjerte \u00f8restikker i 2\u00a0st\u00f8rrelser. De\u00a0kan b\u00e6res alene, eller kombineres med et af By Gabays andre\u00a0smykker fra samme serie f.eks. et\u00a0armb\u00e5nd\u00a0eller en halsk\u00e6de<\/p>\n<hr \/>\n<p>Materialer: Sterlings\u00f8lv (925)\u00a0belagt med rhodium<\/p>\n<p>M\u00e5l: Hjertet findes i 2 st\u00f8rrelser:<\/p>\n<p>Lille = 4 x 5 mm<\/p>\n<p>Mellem = 7 x 8 mm<\/p>\n","protected":false},"excerpt":{"rendered":"<p>Beskrivelse: Hjertet smyboliserer k\u00e6rlighed, men p\u00e5 samme tid, er det et symbol for s\u00e5 meget andet, livets centrum, sj\u00e6len, det indre, medf\u00f8lelse, tro,\u00a0mod, gl\u00e6de og sorg.Vi har lavet disse\u00a0&#8220;sk\u00e6ve&#8221; hjerte \u00f8restikker i 2\u00a0st\u00f8rrelser. De\u00a0kan b\u00e6res alene, eller kombineres med et af By Gabays andre\u00a0smykker fra samme serie f.eks. et\u00a0armb\u00e5nd\u00a0eller en halsk\u00e6de Materialer: Sterlings\u00f8lv (925)\u00a0belagt med [&hellip;]<\/p>\n","protected":false},"featured_media":0,"comment_status":"closed","ping_status":"closed","template":"","meta":{"_acf_changed":false,"_et_pb_use_builder":"","_et_pb_old_content":"","_et_gb_content_width":""},"product_brand":[],"product_cat":[6304,6300],"product_tag":[6305],"class_list":{"0":"post-43107","1":"product","2":"type-product","3":"status-publish","5":"product_cat-by-gabay","6":"product_cat-oereringe","7":"product_tag-by-gabay","9":"first","10":"instock","11":"taxable","12":"shipping-taxable","13":"purchasable","14":"product-type-simple"},"acf":[],"_links":{"self":[{"href":"https:\/\/gavermedmening.dk\/index.php?rest_route=\/wp\/v2\/product\/43107","targetHints":{"allow":["GET"]}}],"collection":[{"href":"https:\/\/gavermedmening.dk\/index.php?rest_route=\/wp\/v2\/product"}],"about":[{"href":"https:\/\/gavermedmening.dk\/index.php?rest_route=\/wp\/v2\/types\/product"}],"replies":[{"embeddable":true,"href":"https:\/\/gavermedmening.dk\/index.php?rest_route=%2Fwp%2Fv2%2Fcomments&post=43107"}],"wp:attachment":[{"href":"https:\/\/gavermedmening.dk\/index.php?rest_route=%2Fwp%2Fv2%2Fmedia&parent=43107"}],"wp:term":[{"taxonomy":"product_brand","embeddable":true,"href":"https:\/\/gavermedmening.dk\/index.php?rest_route=%2Fwp%2Fv2%2Fproduct_brand&post=43107"},{"taxonomy":"product_cat","embeddable":true,"href":"https:\/\/gavermedmening.dk\/index.php?rest_route=%2Fwp%2Fv2%2Fproduct_cat&post=43107"},{"taxonomy":"product_tag","embeddable":true,"href":"https:\/\/gavermedmening.dk\/index.php?rest_route=%2Fwp%2Fv2%2Fproduct_tag&post=43107"}],"curies":[{"name":"wp","href":"https:\/\/api.w.org\/{rel}","templated":true}]}}