{"id":43110,"date":"2024-06-22T22:22:52","date_gmt":"2024-06-22T21:22:52","guid":{"rendered":"https:\/\/gavermedmening.dk\/vare\/kors-oerestikker-rhodineret-soelv-med-zirkonia-sten\/"},"modified":"2024-10-27T13:42:31","modified_gmt":"2024-10-27T13:42:31","slug":"kors-oerestikker-rhodineret-soelv-med-zirkonia-sten","status":"publish","type":"product","link":"https:\/\/gavermedmening.dk\/?product=kors-oerestikker-rhodineret-soelv-med-zirkonia-sten","title":{"rendered":"Kors-\u00f8restikker &#8211; rhodineret s\u00f8lv med zirkonia sten"},"content":{"rendered":"<p><strong>Beskrivelse:<\/strong><\/p>\n<p>Klassisk s\u00e6t kors\u00f8reringe med et moderne design.<\/p>\n<p>Vores Alaine kors\u00f8reringe, i rhodineret s\u00f8lv, er besat med smukke zirkonia sten, som giver de tidl\u00f8se \u00f8reringe et feminint og nyt look. Et s\u00e6t kors\u00f8reringe henvender sig til de fleste, kan bruges ved alle lejligheder, og er derfor en perfekt gaveid\u00e9.<\/p>\n<hr \/>\n<p><strong>Brand<\/strong>: Joanli Nor<\/p>\n<p><strong>Serie<\/strong>: AlaineNor<\/p>\n<p><strong>K\u00f8n<\/strong>: Dame<\/p>\n<p><strong>Materiale<\/strong>: S\u00f8lv<\/p>\n<p><strong>Sten<\/strong>: Kubisk zirkonia<\/p>\n<p><strong>S\u00f8lvtype<\/strong>: Rhodineret<\/p>\n<p><strong>Bredde<\/strong>: 6 mm<\/p>\n<p><strong>H\u00f8jde<\/strong>: 10 mm<\/p>\n","protected":false},"excerpt":{"rendered":"<p>Beskrivelse: Klassisk s\u00e6t kors\u00f8reringe med et moderne design. Vores Alaine kors\u00f8reringe, i rhodineret s\u00f8lv, er besat med smukke zirkonia sten, som giver de tidl\u00f8se \u00f8reringe et feminint og nyt look. Et s\u00e6t kors\u00f8reringe henvender sig til de fleste, kan bruges ved alle lejligheder, og er derfor en perfekt gaveid\u00e9. Brand: Joanli Nor Serie: AlaineNor K\u00f8n: [&hellip;]<\/p>\n","protected":false},"featured_media":43111,"comment_status":"closed","ping_status":"closed","template":"","meta":{"_acf_changed":false,"_et_pb_use_builder":"","_et_pb_old_content":"","_et_gb_content_width":""},"product_brand":[],"product_cat":[6309,6300],"product_tag":[6310],"class_list":{"0":"post-43110","1":"product","2":"type-product","3":"status-publish","4":"has-post-thumbnail","6":"product_cat-noa","7":"product_cat-oereringe","8":"product_tag-joanli-nor","10":"first","11":"instock","12":"taxable","13":"shipping-taxable","14":"purchasable","15":"product-type-simple"},"acf":[],"_links":{"self":[{"href":"https:\/\/gavermedmening.dk\/index.php?rest_route=\/wp\/v2\/product\/43110","targetHints":{"allow":["GET"]}}],"collection":[{"href":"https:\/\/gavermedmening.dk\/index.php?rest_route=\/wp\/v2\/product"}],"about":[{"href":"https:\/\/gavermedmening.dk\/index.php?rest_route=\/wp\/v2\/types\/product"}],"replies":[{"embeddable":true,"href":"https:\/\/gavermedmening.dk\/index.php?rest_route=%2Fwp%2Fv2%2Fcomments&post=43110"}],"wp:featuredmedia":[{"embeddable":true,"href":"https:\/\/gavermedmening.dk\/index.php?rest_route=\/wp\/v2\/media\/43111"}],"wp:attachment":[{"href":"https:\/\/gavermedmening.dk\/index.php?rest_route=%2Fwp%2Fv2%2Fmedia&parent=43110"}],"wp:term":[{"taxonomy":"product_brand","embeddable":true,"href":"https:\/\/gavermedmening.dk\/index.php?rest_route=%2Fwp%2Fv2%2Fproduct_brand&post=43110"},{"taxonomy":"product_cat","embeddable":true,"href":"https:\/\/gavermedmening.dk\/index.php?rest_route=%2Fwp%2Fv2%2Fproduct_cat&post=43110"},{"taxonomy":"product_tag","embeddable":true,"href":"https:\/\/gavermedmening.dk\/index.php?rest_route=%2Fwp%2Fv2%2Fproduct_tag&post=43110"}],"curies":[{"name":"wp","href":"https:\/\/api.w.org\/{rel}","templated":true}]}}