{"id":43184,"date":"2024-06-22T21:12:37","date_gmt":"2024-06-22T21:12:37","guid":{"rendered":"https:\/\/gavermedmening.dk\/vare\/oerehaengere-soelv-rav\/"},"modified":"2024-10-28T20:11:10","modified_gmt":"2024-10-28T20:11:10","slug":"oerehaengere-soelv-rav","status":"publish","type":"product","link":"https:\/\/gavermedmening.dk\/?product=oerehaengere-soelv-rav","title":{"rendered":"\u00d8reh\u00e6ngere, s\u00f8lv\/rav"},"content":{"rendered":"<p><span style=\"color: #FFFFFF;\"><\/span><\/p>\n","protected":false},"excerpt":{"rendered":"","protected":false},"featured_media":43185,"comment_status":"closed","ping_status":"closed","template":"","meta":{"_acf_changed":false,"_et_pb_use_builder":"","_et_pb_old_content":"","_et_gb_content_width":""},"product_brand":[],"product_cat":[6295,6239,6300],"product_tag":[],"class_list":{"0":"post-43184","1":"product","2":"type-product","3":"status-publish","4":"has-post-thumbnail","6":"product_cat-halskaeder","7":"product_cat-kertegaarden","8":"product_cat-oereringe","10":"first","11":"instock","12":"taxable","13":"shipping-taxable","14":"purchasable","15":"product-type-simple"},"acf":[],"_links":{"self":[{"href":"https:\/\/gavermedmening.dk\/index.php?rest_route=\/wp\/v2\/product\/43184","targetHints":{"allow":["GET"]}}],"collection":[{"href":"https:\/\/gavermedmening.dk\/index.php?rest_route=\/wp\/v2\/product"}],"about":[{"href":"https:\/\/gavermedmening.dk\/index.php?rest_route=\/wp\/v2\/types\/product"}],"replies":[{"embeddable":true,"href":"https:\/\/gavermedmening.dk\/index.php?rest_route=%2Fwp%2Fv2%2Fcomments&post=43184"}],"wp:featuredmedia":[{"embeddable":true,"href":"https:\/\/gavermedmening.dk\/index.php?rest_route=\/wp\/v2\/media\/43185"}],"wp:attachment":[{"href":"https:\/\/gavermedmening.dk\/index.php?rest_route=%2Fwp%2Fv2%2Fmedia&parent=43184"}],"wp:term":[{"taxonomy":"product_brand","embeddable":true,"href":"https:\/\/gavermedmening.dk\/index.php?rest_route=%2Fwp%2Fv2%2Fproduct_brand&post=43184"},{"taxonomy":"product_cat","embeddable":true,"href":"https:\/\/gavermedmening.dk\/index.php?rest_route=%2Fwp%2Fv2%2Fproduct_cat&post=43184"},{"taxonomy":"product_tag","embeddable":true,"href":"https:\/\/gavermedmening.dk\/index.php?rest_route=%2Fwp%2Fv2%2Fproduct_tag&post=43184"}],"curies":[{"name":"wp","href":"https:\/\/api.w.org\/{rel}","templated":true}]}}