{"id":43217,"date":"2024-06-23T12:55:31","date_gmt":"2024-06-23T11:55:31","guid":{"rendered":"https:\/\/gavermedmening.dk\/vare\/ring-med-kors-og-kugledesign-sterlingsoelv-str-16\/"},"modified":"2024-10-27T14:04:55","modified_gmt":"2024-10-27T14:04:55","slug":"ring-med-kors-og-kugledesign-sterlingsoelv-str-16","status":"publish","type":"product","link":"https:\/\/gavermedmening.dk\/?product=ring-med-kors-og-kugledesign-sterlingsoelv-str-16","title":{"rendered":"Ring med kors og kugledesign &#8211; sterlings\u00f8lv &#8211; str. 16"},"content":{"rendered":"<p><strong>Beskrivelse:<\/strong><\/p>\n<p>Flot ring med kors i kugledesign.<\/p>\n<p>Smuk, v\u00e6rdifuld gave, fx til kommunion eller konfirmation.<\/p>\n<p>925 sterling s\u00f8lv<\/p>\n<p>Pakket i smykkeskrin<\/p>\n<p>F\u00e5s i st\u00f8rrelse 15-18<\/p>\n","protected":false},"excerpt":{"rendered":"<p>Beskrivelse: Flot ring med kors i kugledesign. Smuk, v\u00e6rdifuld gave, fx til kommunion eller konfirmation. 925 sterling s\u00f8lv Pakket i smykkeskrin F\u00e5s i st\u00f8rrelse 15-18<\/p>\n","protected":false},"featured_media":0,"comment_status":"closed","ping_status":"closed","template":"","meta":{"_acf_changed":false,"_et_pb_use_builder":"","_et_pb_old_content":"","_et_gb_content_width":""},"product_brand":[],"product_cat":[6229,6315],"product_tag":[],"class_list":{"0":"post-43217","1":"product","2":"type-product","3":"status-publish","5":"product_cat-praisent","6":"product_cat-ringe","8":"first","9":"instock","10":"taxable","11":"shipping-taxable","12":"purchasable","13":"product-type-simple"},"acf":[],"_links":{"self":[{"href":"https:\/\/gavermedmening.dk\/index.php?rest_route=\/wp\/v2\/product\/43217","targetHints":{"allow":["GET"]}}],"collection":[{"href":"https:\/\/gavermedmening.dk\/index.php?rest_route=\/wp\/v2\/product"}],"about":[{"href":"https:\/\/gavermedmening.dk\/index.php?rest_route=\/wp\/v2\/types\/product"}],"replies":[{"embeddable":true,"href":"https:\/\/gavermedmening.dk\/index.php?rest_route=%2Fwp%2Fv2%2Fcomments&post=43217"}],"wp:attachment":[{"href":"https:\/\/gavermedmening.dk\/index.php?rest_route=%2Fwp%2Fv2%2Fmedia&parent=43217"}],"wp:term":[{"taxonomy":"product_brand","embeddable":true,"href":"https:\/\/gavermedmening.dk\/index.php?rest_route=%2Fwp%2Fv2%2Fproduct_brand&post=43217"},{"taxonomy":"product_cat","embeddable":true,"href":"https:\/\/gavermedmening.dk\/index.php?rest_route=%2Fwp%2Fv2%2Fproduct_cat&post=43217"},{"taxonomy":"product_tag","embeddable":true,"href":"https:\/\/gavermedmening.dk\/index.php?rest_route=%2Fwp%2Fv2%2Fproduct_tag&post=43217"}],"curies":[{"name":"wp","href":"https:\/\/api.w.org\/{rel}","templated":true}]}}