{"id":43927,"date":"2024-06-29T05:33:22","date_gmt":"2024-06-29T05:33:22","guid":{"rendered":"https:\/\/gavermedmening.dk\/vare\/vedhaeng-kors-i-forgyldt-sterlingsoelv-dekoreret-med-zirkonia-sten\/"},"modified":"2024-10-27T18:22:18","modified_gmt":"2024-10-27T18:22:18","slug":"vedhaeng-kors-i-forgyldt-sterlingsoelv-dekoreret-med-zirkonia-sten","status":"publish","type":"product","link":"https:\/\/gavermedmening.dk\/?product=vedhaeng-kors-i-forgyldt-sterlingsoelv-dekoreret-med-zirkonia-sten","title":{"rendered":"Vedh\u00e6ng &#8211; Kors i forgyldt sterlings\u00f8lv, dekoreret med zirkonia-sten"},"content":{"rendered":"<p><strong>Beskrivelse:<\/strong><\/p>\n<p>Elegant kors-vedh\u00e6ng lavet af 925 forgyldt sterlings\u00f8lv, dekoreret med zirkoniasten.<\/p>\n<p>En smuk gave og en v\u00e6rdifuld erindring f.eks. til en konfirmation.<\/p>\n<p>Findes ogs\u00e5 i rent s\u00f8lv (Art. 6661) samt rosaforgyldt (Art. 6663).<\/p>\n<ul>\n<li>Materiale: 925 forgyldt sterlings\u00f8lv<\/li>\n<li>St\u00f8rrelse: ca. 0,9 x 1,4 cm<\/li>\n<li>Leveres i smykkepose<\/li>\n<\/ul>\n<p>\u00a0<\/p>\n","protected":false},"excerpt":{"rendered":"<p>Beskrivelse: Elegant kors-vedh\u00e6ng lavet af 925 forgyldt sterlings\u00f8lv, dekoreret med zirkoniasten. En smuk gave og en v\u00e6rdifuld erindring f.eks. til en konfirmation. Findes ogs\u00e5 i rent s\u00f8lv (Art. 6661) samt rosaforgyldt (Art. 6663). Materiale: 925 forgyldt sterlings\u00f8lv St\u00f8rrelse: ca. 0,9 x 1,4 cm Leveres i smykkepose \u00a0<\/p>\n","protected":false},"featured_media":43928,"comment_status":"closed","ping_status":"closed","template":"","meta":{"_acf_changed":false,"_et_pb_use_builder":"","_et_pb_old_content":"","_et_gb_content_width":""},"product_brand":[],"product_cat":[6295,6229],"product_tag":[],"class_list":{"0":"post-43927","1":"product","2":"type-product","3":"status-publish","4":"has-post-thumbnail","6":"product_cat-halskaeder","7":"product_cat-praisent","9":"first","10":"instock","11":"taxable","12":"shipping-taxable","13":"purchasable","14":"product-type-simple"},"acf":[],"_links":{"self":[{"href":"https:\/\/gavermedmening.dk\/index.php?rest_route=\/wp\/v2\/product\/43927","targetHints":{"allow":["GET"]}}],"collection":[{"href":"https:\/\/gavermedmening.dk\/index.php?rest_route=\/wp\/v2\/product"}],"about":[{"href":"https:\/\/gavermedmening.dk\/index.php?rest_route=\/wp\/v2\/types\/product"}],"replies":[{"embeddable":true,"href":"https:\/\/gavermedmening.dk\/index.php?rest_route=%2Fwp%2Fv2%2Fcomments&post=43927"}],"wp:featuredmedia":[{"embeddable":true,"href":"https:\/\/gavermedmening.dk\/index.php?rest_route=\/wp\/v2\/media\/43928"}],"wp:attachment":[{"href":"https:\/\/gavermedmening.dk\/index.php?rest_route=%2Fwp%2Fv2%2Fmedia&parent=43927"}],"wp:term":[{"taxonomy":"product_brand","embeddable":true,"href":"https:\/\/gavermedmening.dk\/index.php?rest_route=%2Fwp%2Fv2%2Fproduct_brand&post=43927"},{"taxonomy":"product_cat","embeddable":true,"href":"https:\/\/gavermedmening.dk\/index.php?rest_route=%2Fwp%2Fv2%2Fproduct_cat&post=43927"},{"taxonomy":"product_tag","embeddable":true,"href":"https:\/\/gavermedmening.dk\/index.php?rest_route=%2Fwp%2Fv2%2Fproduct_tag&post=43927"}],"curies":[{"name":"wp","href":"https:\/\/api.w.org\/{rel}","templated":true}]}}