{"id":43933,"date":"2024-06-29T05:32:27","date_gmt":"2024-06-29T05:32:27","guid":{"rendered":"https:\/\/gavermedmening.dk\/vare\/halskaede-faith\/"},"modified":"2024-10-27T18:22:28","modified_gmt":"2024-10-27T18:22:28","slug":"halskaede-faith","status":"publish","type":"product","link":"https:\/\/gavermedmening.dk\/?product=halskaede-faith","title":{"rendered":"Halsk\u00e6de &#8211; faith"},"content":{"rendered":"<p><strong>Beskrivelse:<\/strong><\/p>\n<p>Fin halsk\u00e6de med bogstavet Faith som vedh\u00e6ng.<\/p>\n<p>Bogstaverne former et kors. Vi b\u00e6rer korset som et symbol p\u00e5 vores kristne tro.<\/p>\n<p>Pakket p\u00e5 farvet kort. Fremstillet af kobber<\/p>\n","protected":false},"excerpt":{"rendered":"<p>Beskrivelse: Fin halsk\u00e6de med bogstavet Faith som vedh\u00e6ng. Bogstaverne former et kors. Vi b\u00e6rer korset som et symbol p\u00e5 vores kristne tro. Pakket p\u00e5 farvet kort. Fremstillet af kobber<\/p>\n","protected":false},"featured_media":43934,"comment_status":"closed","ping_status":"closed","template":"","meta":{"_acf_changed":false,"_et_pb_use_builder":"","_et_pb_old_content":"","_et_gb_content_width":""},"product_brand":[],"product_cat":[6295,6229],"product_tag":[],"class_list":{"0":"post-43933","1":"product","2":"type-product","3":"status-publish","4":"has-post-thumbnail","6":"product_cat-halskaeder","7":"product_cat-praisent","9":"first","10":"instock","11":"taxable","12":"shipping-taxable","13":"purchasable","14":"product-type-simple"},"acf":[],"_links":{"self":[{"href":"https:\/\/gavermedmening.dk\/index.php?rest_route=\/wp\/v2\/product\/43933","targetHints":{"allow":["GET"]}}],"collection":[{"href":"https:\/\/gavermedmening.dk\/index.php?rest_route=\/wp\/v2\/product"}],"about":[{"href":"https:\/\/gavermedmening.dk\/index.php?rest_route=\/wp\/v2\/types\/product"}],"replies":[{"embeddable":true,"href":"https:\/\/gavermedmening.dk\/index.php?rest_route=%2Fwp%2Fv2%2Fcomments&post=43933"}],"wp:featuredmedia":[{"embeddable":true,"href":"https:\/\/gavermedmening.dk\/index.php?rest_route=\/wp\/v2\/media\/43934"}],"wp:attachment":[{"href":"https:\/\/gavermedmening.dk\/index.php?rest_route=%2Fwp%2Fv2%2Fmedia&parent=43933"}],"wp:term":[{"taxonomy":"product_brand","embeddable":true,"href":"https:\/\/gavermedmening.dk\/index.php?rest_route=%2Fwp%2Fv2%2Fproduct_brand&post=43933"},{"taxonomy":"product_cat","embeddable":true,"href":"https:\/\/gavermedmening.dk\/index.php?rest_route=%2Fwp%2Fv2%2Fproduct_cat&post=43933"},{"taxonomy":"product_tag","embeddable":true,"href":"https:\/\/gavermedmening.dk\/index.php?rest_route=%2Fwp%2Fv2%2Fproduct_tag&post=43933"}],"curies":[{"name":"wp","href":"https:\/\/api.w.org\/{rel}","templated":true}]}}