{"id":43935,"date":"2024-06-29T05:32:27","date_gmt":"2024-06-29T05:32:27","guid":{"rendered":"https:\/\/gavermedmening.dk\/vare\/vedhaeng-todelt-kors-i-rustfrit-staal\/"},"modified":"2024-10-27T18:22:31","modified_gmt":"2024-10-27T18:22:31","slug":"vedhaeng-todelt-kors-i-rustfrit-staal","status":"publish","type":"product","link":"https:\/\/gavermedmening.dk\/?product=vedhaeng-todelt-kors-i-rustfrit-staal","title":{"rendered":"Vedh\u00e6ng &#8211; todelt kors i rustfrit st\u00e5l"},"content":{"rendered":"<p><strong>Beskrivelse:<\/strong><\/p>\n<p>Smuk korsvedh\u00e6ng. Fedt design, vedh\u00e6nget er i to dele.<\/p>\n<p>Det st\u00f8rre kors er skinnende poleret, det mindre er mat.<\/p>\n<p>Hver del kan b\u00e6res for sig selv. Leveres uden k\u00e6de.<\/p>\n<ul>\n<li>Materiale: Rustfrit st\u00e5l<\/li>\n<li>St\u00f8rrelse af vedh\u00e6ng ca. 2 cm<\/li>\n<li>i gave\u00e6ske<\/li>\n<\/ul>\n<p>\u00a0<\/p>\n","protected":false},"excerpt":{"rendered":"<p>Beskrivelse: Smuk korsvedh\u00e6ng. Fedt design, vedh\u00e6nget er i to dele. Det st\u00f8rre kors er skinnende poleret, det mindre er mat. Hver del kan b\u00e6res for sig selv. Leveres uden k\u00e6de. Materiale: Rustfrit st\u00e5l St\u00f8rrelse af vedh\u00e6ng ca. 2 cm i gave\u00e6ske \u00a0<\/p>\n","protected":false},"featured_media":43936,"comment_status":"closed","ping_status":"closed","template":"","meta":{"_acf_changed":false,"_et_pb_use_builder":"","_et_pb_old_content":"","_et_gb_content_width":""},"product_brand":[],"product_cat":[6295,6229],"product_tag":[],"class_list":{"0":"post-43935","1":"product","2":"type-product","3":"status-publish","4":"has-post-thumbnail","6":"product_cat-halskaeder","7":"product_cat-praisent","9":"first","10":"instock","11":"taxable","12":"shipping-taxable","13":"purchasable","14":"product-type-simple"},"acf":[],"_links":{"self":[{"href":"https:\/\/gavermedmening.dk\/index.php?rest_route=\/wp\/v2\/product\/43935","targetHints":{"allow":["GET"]}}],"collection":[{"href":"https:\/\/gavermedmening.dk\/index.php?rest_route=\/wp\/v2\/product"}],"about":[{"href":"https:\/\/gavermedmening.dk\/index.php?rest_route=\/wp\/v2\/types\/product"}],"replies":[{"embeddable":true,"href":"https:\/\/gavermedmening.dk\/index.php?rest_route=%2Fwp%2Fv2%2Fcomments&post=43935"}],"wp:featuredmedia":[{"embeddable":true,"href":"https:\/\/gavermedmening.dk\/index.php?rest_route=\/wp\/v2\/media\/43936"}],"wp:attachment":[{"href":"https:\/\/gavermedmening.dk\/index.php?rest_route=%2Fwp%2Fv2%2Fmedia&parent=43935"}],"wp:term":[{"taxonomy":"product_brand","embeddable":true,"href":"https:\/\/gavermedmening.dk\/index.php?rest_route=%2Fwp%2Fv2%2Fproduct_brand&post=43935"},{"taxonomy":"product_cat","embeddable":true,"href":"https:\/\/gavermedmening.dk\/index.php?rest_route=%2Fwp%2Fv2%2Fproduct_cat&post=43935"},{"taxonomy":"product_tag","embeddable":true,"href":"https:\/\/gavermedmening.dk\/index.php?rest_route=%2Fwp%2Fv2%2Fproduct_tag&post=43935"}],"curies":[{"name":"wp","href":"https:\/\/api.w.org\/{rel}","templated":true}]}}